{"id":338,"date":"2019-01-01T09:53:25","date_gmt":"2019-01-01T15:53:25","guid":{"rendered":"https:\/\/proyectocitrino.com\/?page_id=338"},"modified":"2026-04-05T19:20:05","modified_gmt":"2026-04-06T01:20:05","slug":"citrinoapps","status":"publish","type":"page","link":"https:\/\/proyectocitrino.com\/index.php\/citrinoapps\/","title":{"rendered":"NUESTRAS APPS PARA ANDROID"},"content":{"rendered":"\n<p>Proyecto Citrino pone a su disposici\u00f3n <strong>TOTALMENTE GRATIS<\/strong> las siguientes apps en Google Play Store.<\/p>\n\n\n\n<h3 class=\"wp-block-heading\">1- Nuestra app informativa&nbsp;<\/h3>\n\n\n\n<div class=\"wp-block-group is-nowrap is-layout-flex wp-container-core-group-is-layout-ad2f72ca wp-block-group-is-layout-flex\">\n<figure class=\"wp-block-image size-large is-resized\"><a href=\"https:\/\/play.google.com\/store\/apps\/details?id=com.mobincube.proyecto_citrino.sc_D19ALU&amp;hl=es\"><img data-recalc-dims=\"1\" loading=\"lazy\" decoding=\"async\" width=\"652\" height=\"1024\" src=\"https:\/\/i0.wp.com\/proyectocitrino.com\/wp-content\/uploads\/2026\/04\/app-proyectocitrino.jpg?resize=652%2C1024&#038;ssl=1\" alt=\"\" class=\"wp-image-8364\" style=\"width:206px;height:auto\" srcset=\"https:\/\/i0.wp.com\/proyectocitrino.com\/wp-content\/uploads\/2026\/04\/app-proyectocitrino.jpg?resize=652%2C1024&amp;ssl=1 652w, https:\/\/i0.wp.com\/proyectocitrino.com\/wp-content\/uploads\/2026\/04\/app-proyectocitrino.jpg?resize=191%2C300&amp;ssl=1 191w, https:\/\/i0.wp.com\/proyectocitrino.com\/wp-content\/uploads\/2026\/04\/app-proyectocitrino.jpg?resize=768%2C1206&amp;ssl=1 768w, https:\/\/i0.wp.com\/proyectocitrino.com\/wp-content\/uploads\/2026\/04\/app-proyectocitrino.jpg?resize=250%2C393&amp;ssl=1 250w, https:\/\/i0.wp.com\/proyectocitrino.com\/wp-content\/uploads\/2026\/04\/app-proyectocitrino.jpg?resize=300%2C471&amp;ssl=1 300w, https:\/\/i0.wp.com\/proyectocitrino.com\/wp-content\/uploads\/2026\/04\/app-proyectocitrino.jpg?resize=600%2C942&amp;ssl=1 600w, https:\/\/i0.wp.com\/proyectocitrino.com\/wp-content\/uploads\/2026\/04\/app-proyectocitrino.jpg?w=917&amp;ssl=1 917w\" sizes=\"auto, (max-width: 652px) 100vw, 652px\" \/><\/a><\/figure>\n\n\n\n<div class=\"wp-block-group is-vertical is-layout-flex wp-container-core-group-is-layout-8cf370e7 wp-block-group-is-layout-flex\">\n<p>Esta app le permitir\u00e1 mantenerse al tanto de nuestras actividades. Adem\u00e1s, podr\u00e1 comunicarse con nosotros y podr\u00e1 acceder a nuestro cat\u00e1logo.<\/p>\n<\/div>\n<\/div>\n\n\n\n<h3 class=\"wp-block-heading\">&nbsp;<\/h3>\n\n\n\n<h3 class=\"wp-block-heading\">2- Nuestra <a href=\"https:\/\/proyectocitrino.com\/index.php\/tienda\/\">tienda virtual<\/a>  &nbsp;<\/h3>\n\n\n\n<div class=\"wp-block-group is-nowrap is-layout-flex wp-container-core-group-is-layout-ad2f72ca wp-block-group-is-layout-flex\">\n<figure class=\"wp-block-image size-large is-resized\"><a href=\"https:\/\/play.google.com\/store\/apps\/details?id=com.mobincube.mini_libreria_citrino.sc_D45Z26\"><img data-recalc-dims=\"1\" loading=\"lazy\" decoding=\"async\" width=\"640\" height=\"1024\" src=\"https:\/\/i0.wp.com\/proyectocitrino.com\/wp-content\/uploads\/2026\/04\/app-ventas-citrino.jpg?resize=640%2C1024&#038;ssl=1\" alt=\"\" class=\"wp-image-8365\" style=\"width:211px;height:auto\" srcset=\"https:\/\/i0.wp.com\/proyectocitrino.com\/wp-content\/uploads\/2026\/04\/app-ventas-citrino.jpg?resize=640%2C1024&amp;ssl=1 640w, https:\/\/i0.wp.com\/proyectocitrino.com\/wp-content\/uploads\/2026\/04\/app-ventas-citrino.jpg?resize=188%2C300&amp;ssl=1 188w, https:\/\/i0.wp.com\/proyectocitrino.com\/wp-content\/uploads\/2026\/04\/app-ventas-citrino.jpg?resize=768%2C1229&amp;ssl=1 768w, https:\/\/i0.wp.com\/proyectocitrino.com\/wp-content\/uploads\/2026\/04\/app-ventas-citrino.jpg?resize=250%2C400&amp;ssl=1 250w, https:\/\/i0.wp.com\/proyectocitrino.com\/wp-content\/uploads\/2026\/04\/app-ventas-citrino.jpg?resize=300%2C480&amp;ssl=1 300w, https:\/\/i0.wp.com\/proyectocitrino.com\/wp-content\/uploads\/2026\/04\/app-ventas-citrino.jpg?resize=600%2C960&amp;ssl=1 600w, https:\/\/i0.wp.com\/proyectocitrino.com\/wp-content\/uploads\/2026\/04\/app-ventas-citrino.jpg?w=900&amp;ssl=1 900w\" sizes=\"auto, (max-width: 640px) 100vw, 640px\" \/><\/a><\/figure>\n\n\n\n<div class=\"wp-block-group is-vertical is-layout-flex wp-container-core-group-is-layout-8cf370e7 wp-block-group-is-layout-flex\">\n<p>Esta app es nuestra tienda virtual para los dispositivos Android. Por medio de ella, podr\u00e1 adquirir de una forma r\u00e1pida y segura los libros de nuestro cat\u00e1logo.<\/p>\n<\/div>\n<\/div>\n\n\n\n<p><\/p>\n\n\n\n<h3 class=\"wp-block-heading\">3- Cuentos Citrino<\/h3>\n\n\n\n<div class=\"wp-block-group is-nowrap is-layout-flex wp-container-core-group-is-layout-ad2f72ca wp-block-group-is-layout-flex\">\n<figure class=\"wp-block-image size-large is-resized\"><a href=\"https:\/\/play.google.com\/store\/apps\/details?id=com.mobincube.cuentos_citrino.sc_EABUWM\"><img data-recalc-dims=\"1\" loading=\"lazy\" decoding=\"async\" width=\"640\" height=\"1024\" src=\"https:\/\/i0.wp.com\/proyectocitrino.com\/wp-content\/uploads\/2026\/04\/app-cuentos-citrino.jpg?resize=640%2C1024&#038;ssl=1\" alt=\"\" class=\"wp-image-8366\" style=\"width:229px;height:auto\" srcset=\"https:\/\/i0.wp.com\/proyectocitrino.com\/wp-content\/uploads\/2026\/04\/app-cuentos-citrino.jpg?resize=640%2C1024&amp;ssl=1 640w, https:\/\/i0.wp.com\/proyectocitrino.com\/wp-content\/uploads\/2026\/04\/app-cuentos-citrino.jpg?resize=188%2C300&amp;ssl=1 188w, https:\/\/i0.wp.com\/proyectocitrino.com\/wp-content\/uploads\/2026\/04\/app-cuentos-citrino.jpg?resize=768%2C1229&amp;ssl=1 768w, https:\/\/i0.wp.com\/proyectocitrino.com\/wp-content\/uploads\/2026\/04\/app-cuentos-citrino.jpg?resize=250%2C400&amp;ssl=1 250w, https:\/\/i0.wp.com\/proyectocitrino.com\/wp-content\/uploads\/2026\/04\/app-cuentos-citrino.jpg?resize=300%2C480&amp;ssl=1 300w, https:\/\/i0.wp.com\/proyectocitrino.com\/wp-content\/uploads\/2026\/04\/app-cuentos-citrino.jpg?resize=600%2C960&amp;ssl=1 600w, https:\/\/i0.wp.com\/proyectocitrino.com\/wp-content\/uploads\/2026\/04\/app-cuentos-citrino.jpg?w=900&amp;ssl=1 900w\" sizes=\"auto, (max-width: 640px) 100vw, 640px\" \/><\/a><\/figure>\n\n\n\n<div class=\"wp-block-group is-vertical is-layout-flex wp-container-core-group-is-layout-8cf370e7 wp-block-group-is-layout-flex\">\n<p>\u00bfDesea leer algunos cuentos de nuestros autores? Podr\u00e1 hacerlo con esta app.  Adem\u00e1s, como bonus 1 incluimos poemas y como bonus 2 algunos juegos sencillos, pero divertidos.<\/p>\n<\/div>\n<\/div>\n\n\n\n<h3 class=\"wp-block-heading\">4- Juego de memoria<\/h3>\n\n\n\n<div class=\"wp-block-group is-nowrap is-layout-flex wp-container-core-group-is-layout-ad2f72ca wp-block-group-is-layout-flex\">\n<figure class=\"wp-block-image size-full is-resized\"><a href=\"https:\/\/play.google.com\/store\/apps\/details?id=com.mobincube.app_1618976068370.sc_EYHXV5\"><img data-recalc-dims=\"1\" loading=\"lazy\" decoding=\"async\" width=\"329\" height=\"520\" src=\"https:\/\/i0.wp.com\/proyectocitrino.com\/wp-content\/uploads\/2026\/04\/app-juego-de-memoria.png?resize=329%2C520&#038;ssl=1\" alt=\"\" class=\"wp-image-8367\" style=\"width:185px;height:auto\" srcset=\"https:\/\/i0.wp.com\/proyectocitrino.com\/wp-content\/uploads\/2026\/04\/app-juego-de-memoria.png?w=329&amp;ssl=1 329w, https:\/\/i0.wp.com\/proyectocitrino.com\/wp-content\/uploads\/2026\/04\/app-juego-de-memoria.png?resize=190%2C300&amp;ssl=1 190w, https:\/\/i0.wp.com\/proyectocitrino.com\/wp-content\/uploads\/2026\/04\/app-juego-de-memoria.png?resize=250%2C395&amp;ssl=1 250w, https:\/\/i0.wp.com\/proyectocitrino.com\/wp-content\/uploads\/2026\/04\/app-juego-de-memoria.png?resize=300%2C474&amp;ssl=1 300w\" sizes=\"auto, (max-width: 329px) 100vw, 329px\" \/><\/a><\/figure>\n\n\n\n<div class=\"wp-block-group is-vertical is-layout-flex wp-container-core-group-is-layout-8cf370e7 wp-block-group-is-layout-flex\">\n<p>Esta app es una forma r\u00e1pida y divertida de mantener nuestra memoria \u00e1gil.<\/p>\n<\/div>\n<\/div>\n\n\n\n<hr class=\"wp-block-separator has-alpha-channel-opacity\"\/>\n\n\n\n<p><\/p>\n","protected":false},"excerpt":{"rendered":"<p>Proyecto Citrino pone a su disposici\u00f3n TOTALMENTE GRATIS las siguientes apps en Google Play Store. 1- Nuestra app informativa&nbsp; Esta app le permitir\u00e1 mantenerse al tanto de nuestras actividades. Adem\u00e1s,&hellip; <\/p>\n","protected":false},"author":1,"featured_media":0,"parent":0,"menu_order":0,"comment_status":"closed","ping_status":"closed","template":"","meta":{"om_disable_all_campaigns":false,"_monsterinsights_skip_tracking":false,"_monsterinsights_sitenote_active":false,"_monsterinsights_sitenote_note":"","_monsterinsights_sitenote_category":0,"footnotes":""},"class_list":["post-338","page","type-page","status-publish","hentry"],"jetpack_sharing_enabled":true,"_links":{"self":[{"href":"https:\/\/proyectocitrino.com\/index.php\/wp-json\/wp\/v2\/pages\/338","targetHints":{"allow":["GET"]}}],"collection":[{"href":"https:\/\/proyectocitrino.com\/index.php\/wp-json\/wp\/v2\/pages"}],"about":[{"href":"https:\/\/proyectocitrino.com\/index.php\/wp-json\/wp\/v2\/types\/page"}],"author":[{"embeddable":true,"href":"https:\/\/proyectocitrino.com\/index.php\/wp-json\/wp\/v2\/users\/1"}],"replies":[{"embeddable":true,"href":"https:\/\/proyectocitrino.com\/index.php\/wp-json\/wp\/v2\/comments?post=338"}],"version-history":[{"count":7,"href":"https:\/\/proyectocitrino.com\/index.php\/wp-json\/wp\/v2\/pages\/338\/revisions"}],"predecessor-version":[{"id":8388,"href":"https:\/\/proyectocitrino.com\/index.php\/wp-json\/wp\/v2\/pages\/338\/revisions\/8388"}],"wp:attachment":[{"href":"https:\/\/proyectocitrino.com\/index.php\/wp-json\/wp\/v2\/media?parent=338"}],"curies":[{"name":"wp","href":"https:\/\/api.w.org\/{rel}","templated":true}]}}