{"id":43,"date":"2018-08-08T22:28:32","date_gmt":"2018-08-08T22:28:32","guid":{"rendered":"http:\/\/proyectocitrino.com\/?page_id=43"},"modified":"2018-08-08T22:36:50","modified_gmt":"2018-08-08T22:36:50","slug":"los-engranajes-del-tiempo","status":"publish","type":"page","link":"https:\/\/proyectocitrino.com\/index.php\/los-engranajes-del-tiempo\/","title":{"rendered":"Los engranajes del tiempo"},"content":{"rendered":"<p><i>L<\/i><img data-recalc-dims=\"1\" loading=\"lazy\" decoding=\"async\" class=\"size-medium wp-image-32 alignleft\" src=\"https:\/\/i0.wp.com\/proyectocitrino.com\/wp-content\/uploads\/2018\/08\/portada-ENGRANAJES-ATABAL-MED-182x300.png?resize=182%2C300\" alt=\"\" width=\"182\" height=\"300\" srcset=\"https:\/\/i0.wp.com\/proyectocitrino.com\/wp-content\/uploads\/2018\/08\/portada-ENGRANAJES-ATABAL-MED.png?resize=182%2C300&amp;ssl=1 182w, https:\/\/i0.wp.com\/proyectocitrino.com\/wp-content\/uploads\/2018\/08\/portada-ENGRANAJES-ATABAL-MED.png?resize=200%2C329&amp;ssl=1 200w, https:\/\/i0.wp.com\/proyectocitrino.com\/wp-content\/uploads\/2018\/08\/portada-ENGRANAJES-ATABAL-MED.png?w=475&amp;ssl=1 475w\" sizes=\"auto, (max-width: 182px) 100vw, 182px\" \/><i>os engranajes del tiempo<\/i> es una novela de g\u00e9nero <i>steampunk<\/i>.\u00a0 En ella, \u00c1ngel (una joven ingeniera desempleada en una Costa Rica steampunk de los a\u00f1os ochenta) se ve inmersa en una serie de eventos desafortunados despu\u00e9s de rescatar a un joven al que persegu\u00edan unos misteriosos individuos encapuchados. En su huida de los encapuchados -\u00bfson hombres lobo?-, ambos j\u00f3venes conocen a un extra\u00f1o individuo que asegura poder viajar en el tiempo y a su amigo Kasim, un guerrero gigante con partes mec\u00e1nicas en el cuerpo. Todos entonces se enteran de que deben viajar al Amazonas para impedir que los enemigos alcancen una caverna donde se encuentran dos gemas arcanas, que poseen la cualidad de alterar los giros de los engranajes del tiempo. Quien se adue\u00f1e de ellas obtendr\u00e1 el poder de controlar el tiempo a voluntad.<\/p>\n<p>\u00bfPodr\u00e1n \u00c1ngel y los dem\u00e1s enfrentar a los despiadados cinoc\u00e9falos, guiados por Oculus Kral, un sujeto conocedor de una tecnolog\u00eda muy adelantada, y a la letal luchadora cibern\u00e9tica Jai Mud? \u00bfSeguir\u00e1n girando con normalidad los engranajes del tiempo? Las p\u00e1ginas de <i>Los engranajes del tiempo<\/i> ocultan la respuesta.<\/p>\n<p>Esta novela, al igual que <i>Detective QR y el adorno desaparecido<\/i>, incluye elementos interactivos (no tantos como en el libro antes mencionado) que, por medio de c\u00f3digos QR, ampl\u00edan el texto o llevan a contenidos de multimedios.<\/p>\n","protected":false},"excerpt":{"rendered":"<p>Los engranajes del tiempo es una novela de g\u00e9nero steampunk.\u00a0 En ella, \u00c1ngel (una joven ingeniera desempleada en una Costa Rica steampunk de los a\u00f1os ochenta) se ve inmersa en&hellip; <\/p>\n","protected":false},"author":1,"featured_media":0,"parent":0,"menu_order":0,"comment_status":"closed","ping_status":"closed","template":"","meta":{"om_disable_all_campaigns":false,"_monsterinsights_skip_tracking":false,"_monsterinsights_sitenote_active":false,"_monsterinsights_sitenote_note":"","_monsterinsights_sitenote_category":0,"footnotes":""},"class_list":["post-43","page","type-page","status-publish","hentry"],"jetpack_sharing_enabled":true,"_links":{"self":[{"href":"https:\/\/proyectocitrino.com\/index.php\/wp-json\/wp\/v2\/pages\/43","targetHints":{"allow":["GET"]}}],"collection":[{"href":"https:\/\/proyectocitrino.com\/index.php\/wp-json\/wp\/v2\/pages"}],"about":[{"href":"https:\/\/proyectocitrino.com\/index.php\/wp-json\/wp\/v2\/types\/page"}],"author":[{"embeddable":true,"href":"https:\/\/proyectocitrino.com\/index.php\/wp-json\/wp\/v2\/users\/1"}],"replies":[{"embeddable":true,"href":"https:\/\/proyectocitrino.com\/index.php\/wp-json\/wp\/v2\/comments?post=43"}],"version-history":[{"count":3,"href":"https:\/\/proyectocitrino.com\/index.php\/wp-json\/wp\/v2\/pages\/43\/revisions"}],"predecessor-version":[{"id":47,"href":"https:\/\/proyectocitrino.com\/index.php\/wp-json\/wp\/v2\/pages\/43\/revisions\/47"}],"wp:attachment":[{"href":"https:\/\/proyectocitrino.com\/index.php\/wp-json\/wp\/v2\/media?parent=43"}],"curies":[{"name":"wp","href":"https:\/\/api.w.org\/{rel}","templated":true}]}}