{"id":5069,"date":"2020-01-23T13:01:22","date_gmt":"2020-01-23T19:01:22","guid":{"rendered":"https:\/\/proyectocitrino.com\/?page_id=5069"},"modified":"2021-01-01T17:33:08","modified_gmt":"2021-01-01T23:33:08","slug":"citrino-personajes-combinados","status":"publish","type":"page","link":"https:\/\/proyectocitrino.com\/index.php\/citrino-personajes-combinados\/","title":{"rendered":"CITRINO: Personajes combinados"},"content":{"rendered":"\n<p class=\"has-text-align-center\">Toc\u00e1 las diferentes partes de cada personaje para crear las combinaciones m\u00e1s extra\u00f1as y divertidas.  Adem\u00e1s, le\u00e9 las disparatadas descripciones en espa\u00f1ol y en ingl\u00e9s.<\/p>\n\n\n\n<figure class=\"wp-block-image size-large\"><img data-recalc-dims=\"1\" loading=\"lazy\" decoding=\"async\" width=\"722\" height=\"328\" src=\"https:\/\/i0.wp.com\/proyectocitrino.com\/wp-content\/uploads\/2020\/01\/kral_nuku.png?resize=722%2C328&#038;ssl=1\" alt=\"\" class=\"wp-image-5073\" srcset=\"https:\/\/i0.wp.com\/proyectocitrino.com\/wp-content\/uploads\/2020\/01\/kral_nuku.png?w=722&amp;ssl=1 722w, https:\/\/i0.wp.com\/proyectocitrino.com\/wp-content\/uploads\/2020\/01\/kral_nuku.png?resize=300%2C136&amp;ssl=1 300w, https:\/\/i0.wp.com\/proyectocitrino.com\/wp-content\/uploads\/2020\/01\/kral_nuku.png?resize=250%2C114&amp;ssl=1 250w, https:\/\/i0.wp.com\/proyectocitrino.com\/wp-content\/uploads\/2020\/01\/kral_nuku.png?resize=200%2C91&amp;ssl=1 200w, https:\/\/i0.wp.com\/proyectocitrino.com\/wp-content\/uploads\/2020\/01\/kral_nuku.png?resize=350%2C159&amp;ssl=1 350w\" sizes=\"auto, (max-width: 722px) 100vw, 722px\" \/><\/figure>\n\n\n\n<p class=\"has-text-align-center\" style=\"font-size:31px\">Puls\u00e1 <a href=\"https:\/\/proyectocitrino.com\/personajes\/Personajes_combinados.html\">AQU\u00cd<\/a> para empezar.<\/p>\n\n\n\n<p class=\"has-black-color has-text-color\">El juego para PC con Windows (tambi\u00e9n funciona en Linux con Wine) se puede descargar <a rel=\"noreferrer noopener\" href=\"https:\/\/www.citrinorecursos.com\/recursos.html\" target=\"_blank\"><strong>en nuestro sitio <em>CITRINO RECURSOS<\/em><\/strong> (pulse para ir all\u00e1)<\/a> (3.8 MB).  Por el momento no se encuentra disponible. Muy pronto lo repararemos. Disculpe las molestias.<\/p>\n\n\n\n<p><\/p>\n","protected":false},"excerpt":{"rendered":"<p>Toc\u00e1 las diferentes partes de cada personaje para crear las combinaciones m\u00e1s extra\u00f1as y divertidas. Adem\u00e1s, le\u00e9 las disparatadas descripciones en espa\u00f1ol y en ingl\u00e9s. Puls\u00e1 AQU\u00cd para empezar. El&hellip; <\/p>\n","protected":false},"author":1,"featured_media":0,"parent":0,"menu_order":0,"comment_status":"closed","ping_status":"closed","template":"","meta":{"om_disable_all_campaigns":false,"_monsterinsights_skip_tracking":false,"_monsterinsights_sitenote_active":false,"_monsterinsights_sitenote_note":"","_monsterinsights_sitenote_category":0,"footnotes":""},"class_list":["post-5069","page","type-page","status-publish","hentry"],"jetpack_sharing_enabled":true,"_links":{"self":[{"href":"https:\/\/proyectocitrino.com\/index.php\/wp-json\/wp\/v2\/pages\/5069","targetHints":{"allow":["GET"]}}],"collection":[{"href":"https:\/\/proyectocitrino.com\/index.php\/wp-json\/wp\/v2\/pages"}],"about":[{"href":"https:\/\/proyectocitrino.com\/index.php\/wp-json\/wp\/v2\/types\/page"}],"author":[{"embeddable":true,"href":"https:\/\/proyectocitrino.com\/index.php\/wp-json\/wp\/v2\/users\/1"}],"replies":[{"embeddable":true,"href":"https:\/\/proyectocitrino.com\/index.php\/wp-json\/wp\/v2\/comments?post=5069"}],"version-history":[{"count":9,"href":"https:\/\/proyectocitrino.com\/index.php\/wp-json\/wp\/v2\/pages\/5069\/revisions"}],"predecessor-version":[{"id":7265,"href":"https:\/\/proyectocitrino.com\/index.php\/wp-json\/wp\/v2\/pages\/5069\/revisions\/7265"}],"wp:attachment":[{"href":"https:\/\/proyectocitrino.com\/index.php\/wp-json\/wp\/v2\/media?parent=5069"}],"curies":[{"name":"wp","href":"https:\/\/api.w.org\/{rel}","templated":true}]}}