{"id":53,"date":"2018-08-08T22:49:55","date_gmt":"2018-08-08T22:49:55","guid":{"rendered":"http:\/\/proyectocitrino.com\/?page_id=53"},"modified":"2025-02-05T18:17:35","modified_gmt":"2025-02-06T00:17:35","slug":"participantes-en-el-proyecto-citrino","status":"publish","type":"page","link":"https:\/\/proyectocitrino.com\/index.php\/participantes-en-el-proyecto-citrino\/","title":{"rendered":"Participantes en el Proyecto Citrino"},"content":{"rendered":"<div class=\"wp-block-image\">\n<figure class=\"aligncenter size-full\"><a href=\"https:\/\/proyectocitrino.com\/index.php\/tienda\/\"><img data-recalc-dims=\"1\" loading=\"lazy\" decoding=\"async\" width=\"227\" height=\"195\" src=\"https:\/\/i0.wp.com\/proyectocitrino.com\/wp-content\/uploads\/2020\/07\/catori-tienda-animada-azul.gif?resize=227%2C195&#038;ssl=1\" alt=\"\" class=\"wp-image-6976\"\/><\/a><\/figure><\/div>\n\n\n<p><strong>Docentes y autores participantes (seg\u00fan la actividad a desarrollar):<\/strong><\/p>\n\n\n\n<p><strong>1. Juan Carlos Saravia (docente \/ escritor)<\/strong><\/p>\n\n\n\n<p> <strong>Juan Carlos Saravia Vargas<\/strong> posee una Maestr\u00eda en Literatura Inglesa de la Universidad de Costa Rica.  Ha publicado art\u00edculos sobre literatura, poemas y cuentos en revistas y libros nacional e internacionalmente. Como usuario de sistemas operativos GNU\/Linux, participa en comunidades de desarrollo de <em>software<\/em> libre. En 2018 public\u00f3 la colecci\u00f3n de relatos <em>La hora decimotercera<\/em> junto con Jos\u00e9 Roberto Saravia. Actualmente participa en los proyectos de investigaci\u00f3n &#8220;Trapped in the Dark: The Presence of Children in Gothic Literary Texts, Movies, and Video Games&#8221; y &#8220;Non-human Gazes: A Comparison of Social Criticism through Animal Protagonists in Literary Works&#8221;, como investigador principal y colaborador, respectivamente. <\/p>\n\n\n\n<p><strong>2. Jos\u00e9 Roberto Saravia (docente \/ escritor)<\/strong><br><br><strong>Jos\u00e9 Roberto Saravia Vargas<\/strong> posee una Maestr\u00eda en Literatura Inglesa de la Universidad de Costa Rica y una Licenciatura en Docencia de la Universidad Estatal a Distancia. Sus publicaciones incluyen art\u00edculos sobre literatura, lengua inglesa y japonesa, tecnolog\u00eda, <em>software<\/em> de c\u00f3digo abierto, as\u00ed como cuentos en revistas acad\u00e9micas y en diversas antolog\u00edas. Ha publicado varios libros de ficci\u00f3n: la colecci\u00f3n de historias <em>Segmentos en la vida de un monstruo y otras historias fant\u00e1sticas <\/em>(2014), la novela interactiva <em>Detective QR y el adorno desaparecido<\/em> (2016), la colecci\u00f3n de microrrelatos <em>Instantes tenebrosos: microrrelatos perturbadores<\/em> (2018), la colecci\u00f3n de relatos <em>La hora decimotercera <\/em>(2018, junto con Juan Carlos Saravia) y la novela de g\u00e9nero <em>steampunk<\/em> <em>Los engranajes del tiempo<\/em> (2018). Actualmente participa en los proyectos de investigaci\u00f3n \u201cMiradas no-humanas: Una comparaci\u00f3n de la cr\u00edtica social a trav\u00e9s de protagonistas animales en textos literarios\u201d y \u201cAtrapados en la oscuridad: La presencia infantil en textos literarios, cine y video juegos g\u00f3ticos\u201d, como investigador principal y colaborador, respectivamente.<\/p>\n\n\n\n<p> <strong>3. Daniela Barrantes T. (docente \/ ilustradora \/ escritora)<\/strong>  <\/p>\n\n\n\n<p><strong>Daniela Barrantes Torres<\/strong>, Magistra en Ense\u00f1anza del Ingl\u00e9s como Lengua Extranjera graduada de la Universidad de Costa Rica. Docente de la Escuela de Lenguas Modernas de la UCR desde el 2009. Obtuvo la certificaci\u00f3n de SIT TESOL, para el programa de World Learning en Costa Rica, en el a\u00f1o 2020. Actualmente tambi\u00e9n colabora en dos proyectos de acci\u00f3n social en dicha instituci\u00f3n. Adem\u00e1s, es docente de secundaria en el Colegio Virtual Marco Tulio Salazar desde el 2006 y en el Colegio Cient\u00edfico  Costarricense desde el 2012. Sus publicaciones incluyen art\u00edculos sobre discapacidad y adecuaciones curriculares, comprensi\u00f3n de lectura, trabajo colaborativo, tareas comunicativas e ingl\u00e9s por radio. Asimismo, ilustr\u00f3 la portada del libro <em>Himitsu no Mori: El comienzo del cambio<\/em> (2018) y la de <em>\u00a1Adivina mi nombre!: Cuentos infantiles tenebrosos<\/em> (2019), libro en el cual participa con dos cuentos.<\/p>\n\n\n\n<p><strong>4. Yerald\u00edn Acosta S. (docente \/ escritora)<\/strong><br><br> <strong>Ana Yerald\u00edn Acosta Salazar<\/strong> posee una Maestr\u00eda de la Universidad de Costa Rica en la Ense\u00f1anza del Ingl\u00e9s como Lengua Extranjera.  Asimismo, trabaja como profesora en dicha instituci\u00f3n, donde ense\u00f1a ingl\u00e9s y japon\u00e9s, desde el a\u00f1o 2012. En su infancia mostr\u00f3 gran cari\u00f1o por la literatura, en especial por la de g\u00e9nero fant\u00e1stico, y ha cultivado su amor por los libros a trav\u00e9s de la lectura. Su gusto por el manga y la animaci\u00f3n japonesa la condujo a un inter\u00e9s especial por la cultura y el lenguaje de Jap\u00f3n, sobre los cuales se mantiene en aprendizaje constante. Sus publicaciones incluyen art\u00edculos acad\u00e9micos, cuentos y la novela <em>Himitsu no Mori: El comienzo del cambio<\/em> (2018).<\/p>\n\n\n\n<p><strong>5. Patricia Araya J. (escritora \/ narradora)<\/strong><br><br> <strong>Patricia Araya J<\/strong>. ha publicado narraciones en diversas antolog\u00edas de cuentos. Posee un inter\u00e9s especial por el fomento de la lectura, lo cual la ha llevado a desarrollarse como narradora de cuentos y como actual coordinadora del<em> Proyecto Citrino<\/em>.  Su m\u00e1s reciente libro, el \u00e1lbum ilustrado de car\u00e1cter infantil <em>Las cuatro estacione<\/em>s (2018), se encuentra tambi\u00e9n disponible en Paraguay, con la Editorial En Alianza. <\/p>\n\n\n\n<p><strong>6. Jennifer C\u00e9spedes Araya (docente \/ compositora)<\/strong><br><br> <strong>Jennifer C\u00e9spedes<\/strong>. Magistra en Ense\u00f1anza del Ingl\u00e9s como Lengua Extranjera de la Universidad de Costa Rica. En la Universidad de Costa Rica, es docente de la Escuela de Lenguas Modernas, del Programa Institucional para la Persona Adulta y Adulta Mayor (PIAM), y del Programa de Ingl\u00e9s por \u00c1reas. As\u00ed mismo, ha sido docente de ingl\u00e9s de los Cursos de Conversaci\u00f3n de la Universidad de Costa Rica, y es supervisora de pr\u00e1ctica docente de la C\u00e1tedra de Trabajos Finales de Graduaci\u00f3n de la Universidad Estatal a Distancia. Entre las tem\u00e1ticas de investigaci\u00f3n relacionadas con el aprendizaje y ense\u00f1anza del ingl\u00e9s en las que ha colaborado se encuentran la toma de riesgo en el aprendizaje del idioma por parte de personas estudiantes adolescentes, y los factores involucrados en la aparente falta de comodidad de estudiantes adultos mayores cuando se les presentan tareas de comprensi\u00f3n auditiva en el aula.<\/p>\n\n\n\n<p><\/p>\n\n\n\n<p><strong>7.  \u00c1ngel Cordero Artavia<\/strong> <strong>(ilustradora)  <\/strong><\/p>\n\n\n\n<p><strong>\u00c1ngel Cordero Artavia<\/strong> actualmente cursa la carrera de matem\u00e1ticas en la Universidad de Costa Rica. Alterna sus estudios con su pasi\u00f3n por las artes, concretamente el dibujo. Realiz\u00f3 las ilustraciones para el libro <em>Beb\u00e9 y Susy<\/em> (2023), el primer producto del Programa para el Apoyo Literario del Proyecto Citrino y tambi\u00e9n apoy\u00f3 al proyecto en ferias literarias hasta el a\u00f1o 2024.<\/p>\n\n\n\n<p>Otros autores o docentes podr\u00edan participar dependiendo de su disponibilidad y la actividad a desarrollar.<\/p>\n\n\n\n<p class=\"has-text-color\" style=\"color:#17a714\">SI DESEA VISITAR LOS <em>BLOGS<\/em> DE ALGUNOS DE NUESTROS AUTORES, HAGA CLIC <a href=\"https:\/\/proyectocitrino.com\/index.php\/blogs-de-los-autores\/\"><strong>AQU\u00cd<\/strong><\/a> O PULSE LA IMAGEN:<\/p>\n\n\n<div class=\"wp-block-image\">\n<figure class=\"aligncenter size-large is-resized\"><a href=\"https:\/\/proyectocitrino.com\/index.php\/blogs-de-los-autores\/\"><img data-recalc-dims=\"1\" loading=\"lazy\" decoding=\"async\" width=\"689\" height=\"619\" src=\"https:\/\/i0.wp.com\/proyectocitrino.com\/wp-content\/uploads\/2020\/06\/BLOG.png?resize=689%2C619&#038;ssl=1\" alt=\"\" class=\"wp-image-6810\" style=\"width:222px;height:200px\" srcset=\"https:\/\/i0.wp.com\/proyectocitrino.com\/wp-content\/uploads\/2020\/06\/BLOG.png?w=689&amp;ssl=1 689w, https:\/\/i0.wp.com\/proyectocitrino.com\/wp-content\/uploads\/2020\/06\/BLOG.png?resize=300%2C270&amp;ssl=1 300w, https:\/\/i0.wp.com\/proyectocitrino.com\/wp-content\/uploads\/2020\/06\/BLOG.png?resize=250%2C225&amp;ssl=1 250w, https:\/\/i0.wp.com\/proyectocitrino.com\/wp-content\/uploads\/2020\/06\/BLOG.png?resize=600%2C539&amp;ssl=1 600w\" sizes=\"auto, (max-width: 689px) 100vw, 689px\" \/><\/a><\/figure><\/div>\n\n\n<hr class=\"wp-block-separator has-css-opacity\"\/>\n\n\n<div class=\"wp-block-image\">\n<figure class=\"aligncenter size-large is-resized\"><a href=\"https:\/\/proyectocitrino.com\/index.php\/nuestro-catalogo\/\"><img data-recalc-dims=\"1\" loading=\"lazy\" decoding=\"async\" width=\"380\" height=\"588\" src=\"https:\/\/i0.wp.com\/proyectocitrino.com\/wp-content\/uploads\/2020\/06\/libroscitrinoanimado-1.gif?resize=380%2C588&#038;ssl=1\" alt=\"\" class=\"wp-image-6775\" style=\"width:193px;height:299px\"\/><\/a><\/figure><\/div>\n\n\n<hr class=\"wp-block-separator has-css-opacity\"\/>\n\n\n<div class=\"wp-block-image\">\n<figure class=\"aligncenter\"><img data-recalc-dims=\"1\" loading=\"lazy\" decoding=\"async\" width=\"256\" height=\"192\" src=\"https:\/\/i0.wp.com\/proyectocitrino.com\/wp-content\/uploads\/2019\/04\/libroscitrino2019SMALL-1.gif?resize=256%2C192&#038;ssl=1\" alt=\"\" class=\"wp-image-532\"\/><\/figure><\/div>","protected":false},"excerpt":{"rendered":"<p>Docentes y autores participantes (seg\u00fan la actividad a desarrollar): 1. Juan Carlos Saravia (docente \/ escritor) Juan Carlos Saravia Vargas posee una Maestr\u00eda en Literatura Inglesa de la Universidad de&hellip; <\/p>\n","protected":false},"author":1,"featured_media":0,"parent":0,"menu_order":0,"comment_status":"closed","ping_status":"closed","template":"","meta":{"om_disable_all_campaigns":false,"_monsterinsights_skip_tracking":false,"_monsterinsights_sitenote_active":false,"_monsterinsights_sitenote_note":"","_monsterinsights_sitenote_category":0,"footnotes":""},"class_list":["post-53","page","type-page","status-publish","hentry"],"jetpack_sharing_enabled":true,"_links":{"self":[{"href":"https:\/\/proyectocitrino.com\/index.php\/wp-json\/wp\/v2\/pages\/53","targetHints":{"allow":["GET"]}}],"collection":[{"href":"https:\/\/proyectocitrino.com\/index.php\/wp-json\/wp\/v2\/pages"}],"about":[{"href":"https:\/\/proyectocitrino.com\/index.php\/wp-json\/wp\/v2\/types\/page"}],"author":[{"embeddable":true,"href":"https:\/\/proyectocitrino.com\/index.php\/wp-json\/wp\/v2\/users\/1"}],"replies":[{"embeddable":true,"href":"https:\/\/proyectocitrino.com\/index.php\/wp-json\/wp\/v2\/comments?post=53"}],"version-history":[{"count":35,"href":"https:\/\/proyectocitrino.com\/index.php\/wp-json\/wp\/v2\/pages\/53\/revisions"}],"predecessor-version":[{"id":7988,"href":"https:\/\/proyectocitrino.com\/index.php\/wp-json\/wp\/v2\/pages\/53\/revisions\/7988"}],"wp:attachment":[{"href":"https:\/\/proyectocitrino.com\/index.php\/wp-json\/wp\/v2\/media?parent=53"}],"curies":[{"name":"wp","href":"https:\/\/api.w.org\/{rel}","templated":true}]}}