{"id":596,"date":"2019-08-26T12:07:42","date_gmt":"2019-08-26T18:07:42","guid":{"rendered":"https:\/\/proyectocitrino.com\/index.php\/carrito\/"},"modified":"2021-06-03T21:35:26","modified_gmt":"2021-06-04T03:35:26","slug":"carrito","status":"publish","type":"page","link":"https:\/\/proyectocitrino.com\/index.php\/carrito\/","title":{"rendered":"Carrito"},"content":{"rendered":"\n<p class=\"has-black-color has-text-color\" style=\"font-size:19px\"><strong>IMPORTANTE:<\/strong> La opci\u00f3n de pago contra entrega es v\u00e1lida<strong> solamente en el Distrito Catedral, Zapote o Los Yoses<\/strong>.  Las dem\u00e1s zonas deber\u00e1n escoger los otros m\u00e9todos de pago.<\/p>\n\n\n<p>^_^<\/p>\n\n\n","protected":false},"excerpt":{"rendered":"<p>IMPORTANTE: La opci\u00f3n de pago contra entrega es v\u00e1lida solamente en el Distrito Catedral, Zapote o Los Yoses. Las dem\u00e1s zonas deber\u00e1n escoger los otros m\u00e9todos de pago. ^_^<\/p>\n","protected":false},"author":1,"featured_media":0,"parent":0,"menu_order":0,"comment_status":"closed","ping_status":"closed","template":"","meta":{"om_disable_all_campaigns":false,"_monsterinsights_skip_tracking":false,"_monsterinsights_sitenote_active":false,"_monsterinsights_sitenote_note":"","_monsterinsights_sitenote_category":0,"footnotes":""},"class_list":["post-596","page","type-page","status-publish","hentry"],"jetpack_sharing_enabled":true,"_links":{"self":[{"href":"https:\/\/proyectocitrino.com\/index.php\/wp-json\/wp\/v2\/pages\/596","targetHints":{"allow":["GET"]}}],"collection":[{"href":"https:\/\/proyectocitrino.com\/index.php\/wp-json\/wp\/v2\/pages"}],"about":[{"href":"https:\/\/proyectocitrino.com\/index.php\/wp-json\/wp\/v2\/types\/page"}],"author":[{"embeddable":true,"href":"https:\/\/proyectocitrino.com\/index.php\/wp-json\/wp\/v2\/users\/1"}],"replies":[{"embeddable":true,"href":"https:\/\/proyectocitrino.com\/index.php\/wp-json\/wp\/v2\/comments?post=596"}],"version-history":[{"count":17,"href":"https:\/\/proyectocitrino.com\/index.php\/wp-json\/wp\/v2\/pages\/596\/revisions"}],"predecessor-version":[{"id":7381,"href":"https:\/\/proyectocitrino.com\/index.php\/wp-json\/wp\/v2\/pages\/596\/revisions\/7381"}],"wp:attachment":[{"href":"https:\/\/proyectocitrino.com\/index.php\/wp-json\/wp\/v2\/media?parent=596"}],"curies":[{"name":"wp","href":"https:\/\/api.w.org\/{rel}","templated":true}]}}