{"id":6886,"date":"2020-07-05T20:09:36","date_gmt":"2020-07-06T02:09:36","guid":{"rendered":"https:\/\/proyectocitrino.com\/?page_id=6886"},"modified":"2022-01-02T13:45:44","modified_gmt":"2022-01-02T19:45:44","slug":"cuento-extrano","status":"publish","type":"page","link":"https:\/\/proyectocitrino.com\/index.php\/cuento-extrano\/","title":{"rendered":"Cuento extra\u00f1o"},"content":{"rendered":"<h4 align=\"center\">&nbsp;<\/h4>\n<p align=\"left\"><b>&nbsp;&nbsp;&nbsp;&nbsp;&nbsp;&nbsp;&nbsp;&nbsp;&nbsp;&nbsp;&nbsp;&nbsp;&nbsp;&nbsp;&nbsp;&nbsp;&nbsp;&nbsp;&nbsp;&nbsp;&nbsp;&nbsp;&nbsp;&nbsp;&nbsp;&nbsp;&nbsp;&nbsp;&nbsp;&nbsp;&nbsp;&nbsp;&nbsp;&nbsp;&nbsp;&nbsp;&nbsp;&nbsp;&nbsp;&nbsp;&nbsp;&nbsp;&nbsp;&nbsp;&nbsp;&nbsp;&nbsp;&nbsp;&nbsp;&nbsp; &nbsp;&nbsp;&nbsp;&nbsp;&nbsp;&nbsp;&nbsp;&nbsp;&nbsp;&nbsp;&nbsp;&nbsp;&nbsp;&nbsp;&nbsp;&nbsp;&nbsp;&nbsp;&nbsp;&nbsp;&nbsp;&nbsp;&nbsp;&nbsp;&nbsp;&nbsp;&nbsp;&nbsp;<\/b><\/p>\n<p align=\"center\"><em><span style=\"font-size: large;\"><b>E-mail Man<\/b><\/span><\/em><\/p>\n<p style=\"text-align: right;\" align=\"left\"><span style=\"font-size: medium;\"> Por Patricia Araya<\/span><\/p>\n<p align=\"left\">Nos parec\u00eda gracioso llamarlo <em>E-mail Man<\/em>. Era un compa\u00f1ero nuevo del trabajo; desde el principio quiso recalcar lo importante de la \u201ccomunicaci\u00f3n constante\u201d. Por tal motivo, siempre enviaba mensajes, ya fuese v\u00eda e-mail, SMS, MMS o WhatsApp. \u201cRecuerden que es MUY importante estar pendientes de los mensajes y por favor contesten, aunque sea con un \u00abs\u00ed\u00bb\u201d. Todos nos burl\u00e1bamos de \u00e9l&#8230; hasta que envi\u00f3 dos SMS el d\u00eda de nuestro paseo a la playa. El primero dec\u00eda: \u201ccorran x sus&#8230;\u201d<\/p>\n<p align=\"left\">Corrimos y nos salvamos\u2026 nosotros y nuestras familias. Sin embargo, \u00e9l no lo logr\u00f3. Para enviar el segundo mensaje, se qued\u00f3 en la torre que cubrieron las olas.<\/p>\n<p align=\"left\">\u201c&#8230; vidas, viene un tsunami\u201d, era el contenido de su \u00faltima comunicaci\u00f3n.<\/p>\n<p align=\"left\">\n<\/p>\n\n\n<hr class=\"wp-block-separator\"\/>\n\n\n\n<p><strong>Publicado con permiso del autor bajo la licencia de <em>Creative Commons<\/em>:<\/strong><\/p>\n\n\n\n<div class=\"wp-block-image\"><figure class=\"aligncenter size-large is-resized\"><img data-recalc-dims=\"1\" loading=\"lazy\" decoding=\"async\" src=\"https:\/\/i0.wp.com\/proyectocitrino.com\/wp-content\/uploads\/2020\/07\/by-nc-nd-eu_4.png?resize=203%2C71&#038;ssl=1\" alt=\"\" class=\"wp-image-6958\" width=\"203\" height=\"71\" srcset=\"https:\/\/i0.wp.com\/proyectocitrino.com\/wp-content\/uploads\/2020\/07\/by-nc-nd-eu_4.png?w=403&amp;ssl=1 403w, https:\/\/i0.wp.com\/proyectocitrino.com\/wp-content\/uploads\/2020\/07\/by-nc-nd-eu_4.png?resize=300%2C105&amp;ssl=1 300w, https:\/\/i0.wp.com\/proyectocitrino.com\/wp-content\/uploads\/2020\/07\/by-nc-nd-eu_4.png?resize=250%2C87&amp;ssl=1 250w\" sizes=\"auto, (max-width: 203px) 100vw, 203px\" \/><\/figure><\/div>\n\n\n\n<p>Publicado el 2 de enero de 2022. Disponible hasta el 2 de mayo de 2022.<\/p>\n","protected":false},"excerpt":{"rendered":"<p>&nbsp; &nbsp;&nbsp;&nbsp;&nbsp;&nbsp;&nbsp;&nbsp;&nbsp;&nbsp;&nbsp;&nbsp;&nbsp;&nbsp;&nbsp;&nbsp;&nbsp;&nbsp;&nbsp;&nbsp;&nbsp;&nbsp;&nbsp;&nbsp;&nbsp;&nbsp;&nbsp;&nbsp;&nbsp;&nbsp;&nbsp;&nbsp;&nbsp;&nbsp;&nbsp;&nbsp;&nbsp;&nbsp;&nbsp;&nbsp;&nbsp;&nbsp;&nbsp;&nbsp;&nbsp;&nbsp;&nbsp;&nbsp;&nbsp;&nbsp;&nbsp; &nbsp;&nbsp;&nbsp;&nbsp;&nbsp;&nbsp;&nbsp;&nbsp;&nbsp;&nbsp;&nbsp;&nbsp;&nbsp;&nbsp;&nbsp;&nbsp;&nbsp;&nbsp;&nbsp;&nbsp;&nbsp;&nbsp;&nbsp;&nbsp;&nbsp;&nbsp;&nbsp;&nbsp; E-mail Man Por Patricia Araya Nos parec\u00eda gracioso llamarlo E-mail Man. Era un compa\u00f1ero nuevo del trabajo; desde el principio quiso recalcar lo importante de la \u201ccomunicaci\u00f3n&hellip; <\/p>\n","protected":false},"author":1,"featured_media":0,"parent":0,"menu_order":0,"comment_status":"closed","ping_status":"closed","template":"","meta":{"om_disable_all_campaigns":false,"_monsterinsights_skip_tracking":false,"_monsterinsights_sitenote_active":false,"_monsterinsights_sitenote_note":"","_monsterinsights_sitenote_category":0,"footnotes":""},"class_list":["post-6886","page","type-page","status-publish","hentry"],"jetpack_sharing_enabled":true,"_links":{"self":[{"href":"https:\/\/proyectocitrino.com\/index.php\/wp-json\/wp\/v2\/pages\/6886","targetHints":{"allow":["GET"]}}],"collection":[{"href":"https:\/\/proyectocitrino.com\/index.php\/wp-json\/wp\/v2\/pages"}],"about":[{"href":"https:\/\/proyectocitrino.com\/index.php\/wp-json\/wp\/v2\/types\/page"}],"author":[{"embeddable":true,"href":"https:\/\/proyectocitrino.com\/index.php\/wp-json\/wp\/v2\/users\/1"}],"replies":[{"embeddable":true,"href":"https:\/\/proyectocitrino.com\/index.php\/wp-json\/wp\/v2\/comments?post=6886"}],"version-history":[{"count":15,"href":"https:\/\/proyectocitrino.com\/index.php\/wp-json\/wp\/v2\/pages\/6886\/revisions"}],"predecessor-version":[{"id":7609,"href":"https:\/\/proyectocitrino.com\/index.php\/wp-json\/wp\/v2\/pages\/6886\/revisions\/7609"}],"wp:attachment":[{"href":"https:\/\/proyectocitrino.com\/index.php\/wp-json\/wp\/v2\/media?parent=6886"}],"curies":[{"name":"wp","href":"https:\/\/api.w.org\/{rel}","templated":true}]}}