{"id":5092,"date":"2020-01-23T21:40:03","date_gmt":"2020-01-24T03:40:03","guid":{"rendered":"https:\/\/proyectocitrino.com\/?post_type=product&#038;p=5092"},"modified":"2020-01-23T21:44:45","modified_gmt":"2020-01-24T03:44:45","slug":"juego-personajes-combinados-gratis","status":"publish","type":"product","link":"https:\/\/proyectocitrino.com\/index.php\/producto\/juego-personajes-combinados-gratis\/","title":{"rendered":"Juego: Personajes combinados (GRATIS)"},"content":{"rendered":"<p>Este corto juego promueve la imaginaci\u00f3n de grandes y chicos al permitirles combinar algunos de los personajes de CITRINO (Oculus Kral, \u00c1ngel, Nuku, Dai Morino y otros). Con cada combinaci\u00f3n, las descripciones de los personajes tambi\u00e9n se mezclan y producen resultados muy divertidos.<\/p>\n<p>Como las descripciones vienen en espa\u00f1ol y en ingl\u00e9s, este juego corto tambi\u00e9n promueve la lectura en dichos idiomas.\u00a0 Se puede jugar desde la Web o se puede descargar para PC (la versi\u00f3n descargable funciona en Windows y en Linux).\u00a0 Tama\u00f1o: 3.8 MB.<\/p>\n<p>Para jugar la versi\u00f3n en l\u00ednea y acceder a la descarga, visite <a href=\"https:\/\/proyectocitrino.com\/index.php\/citrino-personajes-combinados\/\">este v\u00ednculo<\/a>.<\/p>\n","protected":false},"excerpt":{"rendered":"<p>Un juego corto que promueve la lectura en espa\u00f1ol y en ingl\u00e9s.\u00a0 Se puede jugar desde la Web o se puede descargar para PC.<\/p>\n","protected":false},"featured_media":5073,"comment_status":"open","ping_status":"closed","template":"","meta":{"om_disable_all_campaigns":false,"_monsterinsights_skip_tracking":false,"_monsterinsights_sitenote_active":false,"_monsterinsights_sitenote_note":"","_monsterinsights_sitenote_category":0},"product_brand":[],"product_cat":[76],"product_tag":[26,85,82,86,80],"class_list":{"0":"post-5092","1":"product","2":"type-product","3":"status-publish","4":"has-post-thumbnail","6":"product_cat-otros-productos","7":"product_tag-educativo","8":"product_tag-espanol","9":"product_tag-gratis","10":"product_tag-ingles","11":"product_tag-juego","13":"first","14":"instock","15":"shipping-taxable","16":"product-type-simple"},"jetpack_sharing_enabled":true,"_links":{"self":[{"href":"https:\/\/proyectocitrino.com\/index.php\/wp-json\/wp\/v2\/product\/5092","targetHints":{"allow":["GET"]}}],"collection":[{"href":"https:\/\/proyectocitrino.com\/index.php\/wp-json\/wp\/v2\/product"}],"about":[{"href":"https:\/\/proyectocitrino.com\/index.php\/wp-json\/wp\/v2\/types\/product"}],"replies":[{"embeddable":true,"href":"https:\/\/proyectocitrino.com\/index.php\/wp-json\/wp\/v2\/comments?post=5092"}],"wp:featuredmedia":[{"embeddable":true,"href":"https:\/\/proyectocitrino.com\/index.php\/wp-json\/wp\/v2\/media\/5073"}],"wp:attachment":[{"href":"https:\/\/proyectocitrino.com\/index.php\/wp-json\/wp\/v2\/media?parent=5092"}],"wp:term":[{"taxonomy":"product_brand","embeddable":true,"href":"https:\/\/proyectocitrino.com\/index.php\/wp-json\/wp\/v2\/product_brand?post=5092"},{"taxonomy":"product_cat","embeddable":true,"href":"https:\/\/proyectocitrino.com\/index.php\/wp-json\/wp\/v2\/product_cat?post=5092"},{"taxonomy":"product_tag","embeddable":true,"href":"https:\/\/proyectocitrino.com\/index.php\/wp-json\/wp\/v2\/product_tag?post=5092"}],"curies":[{"name":"wp","href":"https:\/\/api.w.org\/{rel}","templated":true}]}}