{"id":611,"date":"2019-08-26T13:21:30","date_gmt":"2019-08-26T19:21:30","guid":{"rendered":"https:\/\/proyectocitrino.com\/?post_type=product&#038;p=611"},"modified":"2021-07-20T16:01:34","modified_gmt":"2021-07-20T22:01:34","slug":"las-cuatro-estaciones-cuento-ilustrado","status":"publish","type":"product","link":"https:\/\/proyectocitrino.com\/index.php\/producto\/las-cuatro-estaciones-cuento-ilustrado\/","title":{"rendered":"Las cuatro estaciones (cuento ilustrado)"},"content":{"rendered":"<p>Oto\u00f1o, Invierno, Primavera y Verano se han metido en un gran problema por no seguir las reglas de su guardi\u00e1n el Sol.\u00a0 \u00bfPodr\u00e1n resolverlo?\u00a0 Este lindo cuento ilustrado, que incluye<a href=\"https:\/\/proyectocitrino.com\/index.php\/149-2\/\"> un juego gratuito descargable para PC<\/a>, har\u00e1 las delicias de los m\u00e1s peque\u00f1os y les ense\u00f1ar\u00e1 la importancia de las reglas en la casa.<\/p>\n","protected":false},"excerpt":{"rendered":"<p>Un lindo cuento ilustrado que incluye un juego descargable para PC<\/p>\n","protected":false},"featured_media":39,"comment_status":"open","ping_status":"closed","template":"","meta":{"om_disable_all_campaigns":false,"_monsterinsights_skip_tracking":false,"_monsterinsights_sitenote_active":false,"_monsterinsights_sitenote_note":"","_monsterinsights_sitenote_category":0},"product_brand":[],"product_cat":[41],"product_tag":[28,30,26,29,25],"class_list":{"0":"post-611","1":"product","2":"type-product","3":"status-publish","4":"has-post-thumbnail","6":"product_cat-infantil","7":"product_tag-cuento","8":"product_tag-dibujos","9":"product_tag-educativo","10":"product_tag-ilustrado","11":"product_tag-infantil","13":"first","14":"instock","15":"shipping-taxable","16":"purchasable","17":"product-type-simple"},"jetpack_sharing_enabled":true,"_links":{"self":[{"href":"https:\/\/proyectocitrino.com\/index.php\/wp-json\/wp\/v2\/product\/611","targetHints":{"allow":["GET"]}}],"collection":[{"href":"https:\/\/proyectocitrino.com\/index.php\/wp-json\/wp\/v2\/product"}],"about":[{"href":"https:\/\/proyectocitrino.com\/index.php\/wp-json\/wp\/v2\/types\/product"}],"replies":[{"embeddable":true,"href":"https:\/\/proyectocitrino.com\/index.php\/wp-json\/wp\/v2\/comments?post=611"}],"wp:featuredmedia":[{"embeddable":true,"href":"https:\/\/proyectocitrino.com\/index.php\/wp-json\/wp\/v2\/media\/39"}],"wp:attachment":[{"href":"https:\/\/proyectocitrino.com\/index.php\/wp-json\/wp\/v2\/media?parent=611"}],"wp:term":[{"taxonomy":"product_brand","embeddable":true,"href":"https:\/\/proyectocitrino.com\/index.php\/wp-json\/wp\/v2\/product_brand?post=611"},{"taxonomy":"product_cat","embeddable":true,"href":"https:\/\/proyectocitrino.com\/index.php\/wp-json\/wp\/v2\/product_cat?post=611"},{"taxonomy":"product_tag","embeddable":true,"href":"https:\/\/proyectocitrino.com\/index.php\/wp-json\/wp\/v2\/product_tag?post=611"}],"curies":[{"name":"wp","href":"https:\/\/api.w.org\/{rel}","templated":true}]}}