{"id":621,"date":"2019-08-26T14:32:09","date_gmt":"2019-08-26T20:32:09","guid":{"rendered":"https:\/\/proyectocitrino.com\/?post_type=product&#038;p=621"},"modified":"2021-07-20T15:59:51","modified_gmt":"2021-07-20T21:59:51","slug":"segmentos-en-la-vida-de-un-monstruo-y-otras-historias-fantasticas-cuentos","status":"publish","type":"product","link":"https:\/\/proyectocitrino.com\/index.php\/producto\/segmentos-en-la-vida-de-un-monstruo-y-otras-historias-fantasticas-cuentos\/","title":{"rendered":"Segmentos en la vida de un monstruo y otras historias fant\u00e1sticas (cuentos)"},"content":{"rendered":"<p><em>Segmentos en la vida de un monstruo y otras historias fant\u00e1sticas<\/em> es un compendio de 21 cuentos, de g\u00e9neros y tem\u00e1ticas diferentes, que se hallan entrelazados. Asimismo, cada relato mezcla la fantas\u00eda con la realidad, de manera que podemos llegar a dudar hasta d\u00f3nde alcanza una para dar paso a la otra.<\/p>\n","protected":false},"excerpt":{"rendered":"<p>Cuentos variados que se entrelazan.<\/p>\n","protected":false},"featured_media":408,"comment_status":"open","ping_status":"closed","template":"","meta":{"om_disable_all_campaigns":false,"_monsterinsights_skip_tracking":false,"_monsterinsights_sitenote_active":false,"_monsterinsights_sitenote_note":"","_monsterinsights_sitenote_category":0},"product_brand":[],"product_cat":[37],"product_tag":[36,31,32,35,34,33],"class_list":{"0":"post-621","1":"product","2":"type-product","3":"status-publish","4":"has-post-thumbnail","6":"product_cat-cuentos","7":"product_tag-adultos","8":"product_tag-cuentos","9":"product_tag-fantasia","10":"product_tag-jovenes","11":"product_tag-segunda-edicion","12":"product_tag-variados","14":"first","15":"instock","16":"shipping-taxable","17":"purchasable","18":"product-type-simple"},"jetpack_sharing_enabled":true,"_links":{"self":[{"href":"https:\/\/proyectocitrino.com\/index.php\/wp-json\/wp\/v2\/product\/621","targetHints":{"allow":["GET"]}}],"collection":[{"href":"https:\/\/proyectocitrino.com\/index.php\/wp-json\/wp\/v2\/product"}],"about":[{"href":"https:\/\/proyectocitrino.com\/index.php\/wp-json\/wp\/v2\/types\/product"}],"replies":[{"embeddable":true,"href":"https:\/\/proyectocitrino.com\/index.php\/wp-json\/wp\/v2\/comments?post=621"}],"wp:featuredmedia":[{"embeddable":true,"href":"https:\/\/proyectocitrino.com\/index.php\/wp-json\/wp\/v2\/media\/408"}],"wp:attachment":[{"href":"https:\/\/proyectocitrino.com\/index.php\/wp-json\/wp\/v2\/media?parent=621"}],"wp:term":[{"taxonomy":"product_brand","embeddable":true,"href":"https:\/\/proyectocitrino.com\/index.php\/wp-json\/wp\/v2\/product_brand?post=621"},{"taxonomy":"product_cat","embeddable":true,"href":"https:\/\/proyectocitrino.com\/index.php\/wp-json\/wp\/v2\/product_cat?post=621"},{"taxonomy":"product_tag","embeddable":true,"href":"https:\/\/proyectocitrino.com\/index.php\/wp-json\/wp\/v2\/product_tag?post=621"}],"curies":[{"name":"wp","href":"https:\/\/api.w.org\/{rel}","templated":true}]}}