{"id":623,"date":"2019-08-26T14:48:39","date_gmt":"2019-08-26T20:48:39","guid":{"rendered":"https:\/\/proyectocitrino.com\/?post_type=product&#038;p=623"},"modified":"2021-07-20T15:56:59","modified_gmt":"2021-07-20T21:56:59","slug":"adivina-mi-nombre-cuentos-infantiles-tenebrosos","status":"publish","type":"product","link":"https:\/\/proyectocitrino.com\/index.php\/producto\/adivina-mi-nombre-cuentos-infantiles-tenebrosos\/","title":{"rendered":"\u00a1Adivina mi nombre! : Cuentos infantiles tenebrosos"},"content":{"rendered":"<p>Este libro contiene doce historias de miedo para ni\u00f1os, escritas por seis autores costarricenses. Tambi\u00e9n incluye una p\u00e1gina para que los mismos ni\u00f1os escriban el cuento n\u00famero trece y as\u00ed puedan espantar a los dem\u00e1s. Duendes, terrores nocturnos, fantasmas y otros seres terror\u00edficos son parte de esta colecci\u00f3n de cuentos infantiles tenebrosos.<\/p>\n","protected":false},"excerpt":{"rendered":"<p>Cuentos infantiles de miedo<\/p>\n","protected":false},"featured_media":468,"comment_status":"open","ping_status":"closed","template":"","meta":{"om_disable_all_campaigns":false,"_monsterinsights_skip_tracking":false,"_monsterinsights_sitenote_active":false,"_monsterinsights_sitenote_note":"","_monsterinsights_sitenote_category":0},"product_brand":[],"product_cat":[41],"product_tag":[31,45,25,46,42],"class_list":{"0":"post-623","1":"product","2":"type-product","3":"status-publish","4":"has-post-thumbnail","6":"product_cat-infantil","7":"product_tag-cuentos","8":"product_tag-horror","9":"product_tag-infantil","10":"product_tag-misterio","11":"product_tag-terror","13":"first","14":"instock","15":"shipping-taxable","16":"purchasable","17":"product-type-simple"},"jetpack_sharing_enabled":true,"_links":{"self":[{"href":"https:\/\/proyectocitrino.com\/index.php\/wp-json\/wp\/v2\/product\/623","targetHints":{"allow":["GET"]}}],"collection":[{"href":"https:\/\/proyectocitrino.com\/index.php\/wp-json\/wp\/v2\/product"}],"about":[{"href":"https:\/\/proyectocitrino.com\/index.php\/wp-json\/wp\/v2\/types\/product"}],"replies":[{"embeddable":true,"href":"https:\/\/proyectocitrino.com\/index.php\/wp-json\/wp\/v2\/comments?post=623"}],"wp:featuredmedia":[{"embeddable":true,"href":"https:\/\/proyectocitrino.com\/index.php\/wp-json\/wp\/v2\/media\/468"}],"wp:attachment":[{"href":"https:\/\/proyectocitrino.com\/index.php\/wp-json\/wp\/v2\/media?parent=623"}],"wp:term":[{"taxonomy":"product_brand","embeddable":true,"href":"https:\/\/proyectocitrino.com\/index.php\/wp-json\/wp\/v2\/product_brand?post=623"},{"taxonomy":"product_cat","embeddable":true,"href":"https:\/\/proyectocitrino.com\/index.php\/wp-json\/wp\/v2\/product_cat?post=623"},{"taxonomy":"product_tag","embeddable":true,"href":"https:\/\/proyectocitrino.com\/index.php\/wp-json\/wp\/v2\/product_tag?post=623"}],"curies":[{"name":"wp","href":"https:\/\/api.w.org\/{rel}","templated":true}]}}