{"id":627,"date":"2019-08-26T15:08:08","date_gmt":"2019-08-26T21:08:08","guid":{"rendered":"https:\/\/proyectocitrino.com\/?post_type=product&#038;p=627"},"modified":"2021-10-09T09:21:59","modified_gmt":"2021-10-09T15:21:59","slug":"la-hora-decimotercera","status":"publish","type":"product","link":"https:\/\/proyectocitrino.com\/index.php\/producto\/la-hora-decimotercera\/","title":{"rendered":"La hora decimotercera (cuentos)"},"content":{"rendered":"<p><em>La hora decimotercera<\/em> (2da. edici\u00f3n) es un compendio de narraciones de corte fant\u00e1stico-oscuro. Algunas causan terror, otras nos hacen dudar sobre nuestra realidad y otras nos presentar\u00e1n situaciones insospechadas. Esta edici\u00f3n contiene 2 historias adicionales.\u00a0 Adem\u00e1s, se puede acceder a contenido adicional e ilustraciones por medio de un c\u00f3digo QR.<\/p>\n","protected":false},"excerpt":{"rendered":"<p>Cuentos misteriosos de realidades alternativas<\/p>\n","protected":false},"featured_media":7500,"comment_status":"open","ping_status":"closed","template":"","meta":{"om_disable_all_campaigns":false,"_monsterinsights_skip_tracking":false,"_monsterinsights_sitenote_active":false,"_monsterinsights_sitenote_note":"","_monsterinsights_sitenote_category":0},"product_brand":[],"product_cat":[37],"product_tag":[31,45,46,42,33],"class_list":{"0":"post-627","1":"product","2":"type-product","3":"status-publish","4":"has-post-thumbnail","6":"product_cat-cuentos","7":"product_tag-cuentos","8":"product_tag-horror","9":"product_tag-misterio","10":"product_tag-terror","11":"product_tag-variados","13":"first","14":"instock","15":"shipping-taxable","16":"purchasable","17":"product-type-simple"},"jetpack_sharing_enabled":true,"_links":{"self":[{"href":"https:\/\/proyectocitrino.com\/index.php\/wp-json\/wp\/v2\/product\/627","targetHints":{"allow":["GET"]}}],"collection":[{"href":"https:\/\/proyectocitrino.com\/index.php\/wp-json\/wp\/v2\/product"}],"about":[{"href":"https:\/\/proyectocitrino.com\/index.php\/wp-json\/wp\/v2\/types\/product"}],"replies":[{"embeddable":true,"href":"https:\/\/proyectocitrino.com\/index.php\/wp-json\/wp\/v2\/comments?post=627"}],"wp:featuredmedia":[{"embeddable":true,"href":"https:\/\/proyectocitrino.com\/index.php\/wp-json\/wp\/v2\/media\/7500"}],"wp:attachment":[{"href":"https:\/\/proyectocitrino.com\/index.php\/wp-json\/wp\/v2\/media?parent=627"}],"wp:term":[{"taxonomy":"product_brand","embeddable":true,"href":"https:\/\/proyectocitrino.com\/index.php\/wp-json\/wp\/v2\/product_brand?post=627"},{"taxonomy":"product_cat","embeddable":true,"href":"https:\/\/proyectocitrino.com\/index.php\/wp-json\/wp\/v2\/product_cat?post=627"},{"taxonomy":"product_tag","embeddable":true,"href":"https:\/\/proyectocitrino.com\/index.php\/wp-json\/wp\/v2\/product_tag?post=627"}],"curies":[{"name":"wp","href":"https:\/\/api.w.org\/{rel}","templated":true}]}}