{"id":628,"date":"2019-08-26T15:11:25","date_gmt":"2019-08-26T21:11:25","guid":{"rendered":"https:\/\/proyectocitrino.com\/?post_type=product&#038;p=628"},"modified":"2021-12-17T12:46:06","modified_gmt":"2021-12-17T18:46:06","slug":"himitsu-no-mori-el-comienzo-del-cambio-novela","status":"publish","type":"product","link":"https:\/\/proyectocitrino.com\/index.php\/producto\/himitsu-no-mori-el-comienzo-del-cambio-novela\/","title":{"rendered":"Himitsu no Mori: El comienzo del cambio (novela)"},"content":{"rendered":"<p>Morino Dai es un t\u00edmido joven japon\u00e9s de 17 a\u00f1os que ha tenido una vida muy dif\u00edcil: su madre muri\u00f3 cuando apenas ten\u00eda siete a\u00f1os, se encuentra a cargo de su abuela enferma, su padre vive muy lejos de \u00e9l y la chica de quien ha estado enamorado por a\u00f1os acaba de comenzar un noviazgo. Abrumado por su situaci\u00f3n actual, Dai considera que ha llegado al punto m\u00e1s miserable de su existencia. Entonces, Asakura Yuuko, una muchacha que ha vivido en el extranjero la mayor parte de su juventud, es transferida a su misma escuela. Con ella, una serie de percances y sorpresas sacude la vida del inseguro muchacho.<\/p>\n","protected":false},"excerpt":{"rendered":"<p>Una novela rom\u00e1ntica para j\u00f3venes centrada en Jap\u00f3n.<\/p>\n","protected":false},"featured_media":7236,"comment_status":"open","ping_status":"closed","template":"","meta":{"om_disable_all_campaigns":false,"_monsterinsights_skip_tracking":false,"_monsterinsights_sitenote_active":false,"_monsterinsights_sitenote_note":"","_monsterinsights_sitenote_category":0},"product_brand":[],"product_cat":[38],"product_tag":[61,59,35,19,60],"class_list":{"0":"post-628","1":"product","2":"type-product","3":"status-publish","4":"has-post-thumbnail","6":"product_cat-novela","7":"product_tag-adolescentes","8":"product_tag-japon","9":"product_tag-jovenes","10":"product_tag-novela","11":"product_tag-romance","13":"first","14":"instock","15":"shipping-taxable","16":"purchasable","17":"product-type-simple"},"jetpack_sharing_enabled":true,"_links":{"self":[{"href":"https:\/\/proyectocitrino.com\/index.php\/wp-json\/wp\/v2\/product\/628","targetHints":{"allow":["GET"]}}],"collection":[{"href":"https:\/\/proyectocitrino.com\/index.php\/wp-json\/wp\/v2\/product"}],"about":[{"href":"https:\/\/proyectocitrino.com\/index.php\/wp-json\/wp\/v2\/types\/product"}],"replies":[{"embeddable":true,"href":"https:\/\/proyectocitrino.com\/index.php\/wp-json\/wp\/v2\/comments?post=628"}],"wp:featuredmedia":[{"embeddable":true,"href":"https:\/\/proyectocitrino.com\/index.php\/wp-json\/wp\/v2\/media\/7236"}],"wp:attachment":[{"href":"https:\/\/proyectocitrino.com\/index.php\/wp-json\/wp\/v2\/media?parent=628"}],"wp:term":[{"taxonomy":"product_brand","embeddable":true,"href":"https:\/\/proyectocitrino.com\/index.php\/wp-json\/wp\/v2\/product_brand?post=628"},{"taxonomy":"product_cat","embeddable":true,"href":"https:\/\/proyectocitrino.com\/index.php\/wp-json\/wp\/v2\/product_cat?post=628"},{"taxonomy":"product_tag","embeddable":true,"href":"https:\/\/proyectocitrino.com\/index.php\/wp-json\/wp\/v2\/product_tag?post=628"}],"curies":[{"name":"wp","href":"https:\/\/api.w.org\/{rel}","templated":true}]}}