{"id":649,"date":"2019-08-27T11:35:21","date_gmt":"2019-08-27T17:35:21","guid":{"rendered":"https:\/\/proyectocitrino.com\/?post_type=product&#038;p=649"},"modified":"2022-07-03T20:26:00","modified_gmt":"2022-07-04T02:26:00","slug":"melena-de-leon-cuento-ilustrado","status":"publish","type":"product","link":"https:\/\/proyectocitrino.com\/index.php\/producto\/melena-de-leon-cuento-ilustrado\/","title":{"rendered":"Melena de le\u00f3n (cuento ilustrado)"},"content":{"rendered":"<p>Es un libro que narra la inquietante aventura de un ni\u00f1o y su hermana menor, quienes van a escondidas a un circo con el objetivo de obtener un trozo de la melena del le\u00f3n. En su aventura, los dos peque\u00f1os enfrentan sus miedos ante una inminente, pero misteriosa presencia que los acompa\u00f1a. La narraci\u00f3n y las ilustraciones hacen de este libro una experiencia inolvidable.<\/p>\n","protected":false},"excerpt":{"rendered":"<p>\u00a1Un circo muy misterioso!<\/p>\n","protected":false},"featured_media":142,"comment_status":"open","ping_status":"closed","template":"","meta":{"om_disable_all_campaigns":false,"_monsterinsights_skip_tracking":false,"_monsterinsights_sitenote_active":false,"_monsterinsights_sitenote_note":"","_monsterinsights_sitenote_category":0},"product_brand":[],"product_cat":[41],"product_tag":[62,29,25,46],"class_list":{"0":"post-649","1":"product","2":"type-product","3":"status-publish","4":"has-post-thumbnail","6":"product_cat-infantil","7":"product_tag-circo","8":"product_tag-ilustrado","9":"product_tag-infantil","10":"product_tag-misterio","12":"first","13":"instock","14":"shipping-taxable","15":"purchasable","16":"product-type-simple"},"jetpack_sharing_enabled":true,"_links":{"self":[{"href":"https:\/\/proyectocitrino.com\/index.php\/wp-json\/wp\/v2\/product\/649","targetHints":{"allow":["GET"]}}],"collection":[{"href":"https:\/\/proyectocitrino.com\/index.php\/wp-json\/wp\/v2\/product"}],"about":[{"href":"https:\/\/proyectocitrino.com\/index.php\/wp-json\/wp\/v2\/types\/product"}],"replies":[{"embeddable":true,"href":"https:\/\/proyectocitrino.com\/index.php\/wp-json\/wp\/v2\/comments?post=649"}],"wp:featuredmedia":[{"embeddable":true,"href":"https:\/\/proyectocitrino.com\/index.php\/wp-json\/wp\/v2\/media\/142"}],"wp:attachment":[{"href":"https:\/\/proyectocitrino.com\/index.php\/wp-json\/wp\/v2\/media?parent=649"}],"wp:term":[{"taxonomy":"product_brand","embeddable":true,"href":"https:\/\/proyectocitrino.com\/index.php\/wp-json\/wp\/v2\/product_brand?post=649"},{"taxonomy":"product_cat","embeddable":true,"href":"https:\/\/proyectocitrino.com\/index.php\/wp-json\/wp\/v2\/product_cat?post=649"},{"taxonomy":"product_tag","embeddable":true,"href":"https:\/\/proyectocitrino.com\/index.php\/wp-json\/wp\/v2\/product_tag?post=649"}],"curies":[{"name":"wp","href":"https:\/\/api.w.org\/{rel}","templated":true}]}}