{"id":7045,"date":"2020-09-11T10:24:35","date_gmt":"2020-09-11T16:24:35","guid":{"rendered":"https:\/\/proyectocitrino.com\/?post_type=product&#038;p=7045"},"modified":"2026-02-08T09:08:40","modified_gmt":"2026-02-08T15:08:40","slug":"intriga-en-aldara-cronicas-de-aldara-iii","status":"publish","type":"product","link":"https:\/\/proyectocitrino.com\/index.php\/producto\/intriga-en-aldara-cronicas-de-aldara-iii\/","title":{"rendered":"Intriga en Aldara (Cr\u00f3nicas de Aldara III)"},"content":{"rendered":"<p>La capital del reino de Jorn est\u00e1 sumida en el caos y la desconfianza, pero al menos la familia real est\u00e1 a salvo, por ahora.<\/p>\n<p>\u00bfQui\u00e9n ser\u00e1 la misteriosa hechicera que est\u00e1 empe\u00f1ada en destruir a la familia Andrasy?<\/p>\n<p>Este es el libro 3 de la serie Cr\u00f3nicas de Aldara, de la autora Ingrid Govaere.<\/p>\n<p>Libro de tapa dura y acabado de lujo.<\/p>\n","protected":false},"excerpt":{"rendered":"<p>Este es el libro 3 de la serie Cr\u00f3nicas de Aldara, de la autora Ingrid Govaere.<\/p>\n<p>La capital del reino de Jorn est\u00e1 sumida en el caos y la desconfianza, pero al menos la familia real est\u00e1 a salvo, por ahora.<\/p>\n<p>\u00bfQui\u00e9n ser\u00e1 la misteriosa hechicera que est\u00e1 empe\u00f1ada en destruir a la familia Andrasy?<\/p>\n","protected":false},"featured_media":7044,"comment_status":"open","ping_status":"closed","template":"","meta":{"om_disable_all_campaigns":false,"_monsterinsights_skip_tracking":false,"_monsterinsights_sitenote_active":false,"_monsterinsights_sitenote_note":"","_monsterinsights_sitenote_category":0},"product_brand":[],"product_cat":[63,73,71],"product_tag":[],"class_list":{"0":"post-7045","1":"product","2":"type-product","3":"status-publish","4":"has-post-thumbnail","6":"product_cat-temporada","7":"product_cat-temp-infantil","8":"product_cat-temp-novela","10":"first","11":"instock","12":"sold-individually","13":"shipping-taxable","14":"purchasable","15":"product-type-simple"},"jetpack_sharing_enabled":true,"_links":{"self":[{"href":"https:\/\/proyectocitrino.com\/index.php\/wp-json\/wp\/v2\/product\/7045","targetHints":{"allow":["GET"]}}],"collection":[{"href":"https:\/\/proyectocitrino.com\/index.php\/wp-json\/wp\/v2\/product"}],"about":[{"href":"https:\/\/proyectocitrino.com\/index.php\/wp-json\/wp\/v2\/types\/product"}],"replies":[{"embeddable":true,"href":"https:\/\/proyectocitrino.com\/index.php\/wp-json\/wp\/v2\/comments?post=7045"}],"wp:featuredmedia":[{"embeddable":true,"href":"https:\/\/proyectocitrino.com\/index.php\/wp-json\/wp\/v2\/media\/7044"}],"wp:attachment":[{"href":"https:\/\/proyectocitrino.com\/index.php\/wp-json\/wp\/v2\/media?parent=7045"}],"wp:term":[{"taxonomy":"product_brand","embeddable":true,"href":"https:\/\/proyectocitrino.com\/index.php\/wp-json\/wp\/v2\/product_brand?post=7045"},{"taxonomy":"product_cat","embeddable":true,"href":"https:\/\/proyectocitrino.com\/index.php\/wp-json\/wp\/v2\/product_cat?post=7045"},{"taxonomy":"product_tag","embeddable":true,"href":"https:\/\/proyectocitrino.com\/index.php\/wp-json\/wp\/v2\/product_tag?post=7045"}],"curies":[{"name":"wp","href":"https:\/\/api.w.org\/{rel}","templated":true}]}}