{"id":7108,"date":"2020-09-23T20:09:37","date_gmt":"2020-09-24T02:09:37","guid":{"rendered":"https:\/\/proyectocitrino.com\/?post_type=product&#038;p=7108"},"modified":"2023-12-15T12:42:46","modified_gmt":"2023-12-15T18:42:46","slug":"el-sonido-de-las-moscas-y-otros-relatos-cuentos","status":"publish","type":"product","link":"https:\/\/proyectocitrino.com\/index.php\/producto\/el-sonido-de-las-moscas-y-otros-relatos-cuentos\/","title":{"rendered":"El sonido de las moscas y otros relatos (Cuentos)"},"content":{"rendered":"<p><em>El sonido de las moscas y otros relatos<\/em>, de N.P. Sommer, es una colecci\u00f3n de relatos de fantas\u00eda oscura, con intriga, horror y ciencia ficci\u00f3n. Cada historia plantea preguntas cuyas respuestas descansan en la mente de quien lea los relatos. 143 p\u00e1ginas.<\/p>\n","protected":false},"excerpt":{"rendered":"<p>Una colecci\u00f3n de relatos de fantas\u00eda oscura, con intriga, horror y ciencia ficci\u00f3n. Cada historia plantea preguntas cuyas respuestas descansan en la mente de quien lea los relatos. 143 p\u00e1ginas.<\/p>\n","protected":false},"featured_media":5310,"comment_status":"open","ping_status":"closed","template":"","meta":{"om_disable_all_campaigns":false,"_monsterinsights_skip_tracking":false,"_monsterinsights_sitenote_active":false,"_monsterinsights_sitenote_note":"","_monsterinsights_sitenote_category":0},"product_brand":[],"product_cat":[63,72],"product_tag":[],"class_list":{"0":"post-7108","1":"product","2":"type-product","3":"status-publish","4":"has-post-thumbnail","6":"product_cat-temporada","7":"product_cat-temp-cuento","9":"first","10":"instock","11":"shipping-taxable","12":"purchasable","13":"product-type-simple"},"jetpack_sharing_enabled":true,"_links":{"self":[{"href":"https:\/\/proyectocitrino.com\/index.php\/wp-json\/wp\/v2\/product\/7108","targetHints":{"allow":["GET"]}}],"collection":[{"href":"https:\/\/proyectocitrino.com\/index.php\/wp-json\/wp\/v2\/product"}],"about":[{"href":"https:\/\/proyectocitrino.com\/index.php\/wp-json\/wp\/v2\/types\/product"}],"replies":[{"embeddable":true,"href":"https:\/\/proyectocitrino.com\/index.php\/wp-json\/wp\/v2\/comments?post=7108"}],"wp:featuredmedia":[{"embeddable":true,"href":"https:\/\/proyectocitrino.com\/index.php\/wp-json\/wp\/v2\/media\/5310"}],"wp:attachment":[{"href":"https:\/\/proyectocitrino.com\/index.php\/wp-json\/wp\/v2\/media?parent=7108"}],"wp:term":[{"taxonomy":"product_brand","embeddable":true,"href":"https:\/\/proyectocitrino.com\/index.php\/wp-json\/wp\/v2\/product_brand?post=7108"},{"taxonomy":"product_cat","embeddable":true,"href":"https:\/\/proyectocitrino.com\/index.php\/wp-json\/wp\/v2\/product_cat?post=7108"},{"taxonomy":"product_tag","embeddable":true,"href":"https:\/\/proyectocitrino.com\/index.php\/wp-json\/wp\/v2\/product_tag?post=7108"}],"curies":[{"name":"wp","href":"https:\/\/api.w.org\/{rel}","templated":true}]}}