{"id":7109,"date":"2020-09-23T20:11:57","date_gmt":"2020-09-24T02:11:57","guid":{"rendered":"https:\/\/proyectocitrino.com\/?post_type=product&#038;p=7109"},"modified":"2020-09-23T20:11:57","modified_gmt":"2020-09-24T02:11:57","slug":"la-orden-que-vino-del-cielo-cuentos","status":"publish","type":"product","link":"https:\/\/proyectocitrino.com\/index.php\/producto\/la-orden-que-vino-del-cielo-cuentos\/","title":{"rendered":"La orden que vino del Cielo (Cuentos)"},"content":{"rendered":"<p><em>La orden que vino del Cielo<\/em>, de N.P. Sommer, es una colecci\u00f3n de relatos de fantas\u00eda c\u00f3smica. Esta vez con un toque de melancol\u00eda e inciertos viajes por los universos. Cuestionamiento. Entendimiento. Aceptaci\u00f3n. Rebeli\u00f3n. Destrucci\u00f3n y recreaci\u00f3n. Caos y orden. Desastre. Escapatoria. Un nuevo nacimiento. Reinvenci\u00f3n.Una tragedia encantadora. 143 p\u00e1ginas.<\/p>\n","protected":false},"excerpt":{"rendered":"<p>Una colecci\u00f3n de relatos de fantas\u00eda c\u00f3smica. Esta vez con un toque de melancol\u00eda e inciertos viajes por los universos. Cuestionamiento. Entendimiento. Aceptaci\u00f3n. Rebeli\u00f3n. Destrucci\u00f3n y recreaci\u00f3n. Caos y orden. Desastre. Escapatoria. Un nuevo nacimiento. Reinvenci\u00f3n.Una tragedia encantadora. 143 p\u00e1ginas.<\/p>\n","protected":false},"featured_media":5311,"comment_status":"open","ping_status":"closed","template":"","meta":{"om_disable_all_campaigns":false,"_monsterinsights_skip_tracking":false,"_monsterinsights_sitenote_active":false,"_monsterinsights_sitenote_note":"","_monsterinsights_sitenote_category":0},"product_brand":[],"product_cat":[63,72],"product_tag":[],"class_list":{"0":"post-7109","1":"product","2":"type-product","3":"status-publish","4":"has-post-thumbnail","6":"product_cat-temporada","7":"product_cat-temp-cuento","9":"first","10":"instock","11":"shipping-taxable","12":"purchasable","13":"product-type-simple"},"jetpack_sharing_enabled":true,"_links":{"self":[{"href":"https:\/\/proyectocitrino.com\/index.php\/wp-json\/wp\/v2\/product\/7109","targetHints":{"allow":["GET"]}}],"collection":[{"href":"https:\/\/proyectocitrino.com\/index.php\/wp-json\/wp\/v2\/product"}],"about":[{"href":"https:\/\/proyectocitrino.com\/index.php\/wp-json\/wp\/v2\/types\/product"}],"replies":[{"embeddable":true,"href":"https:\/\/proyectocitrino.com\/index.php\/wp-json\/wp\/v2\/comments?post=7109"}],"wp:featuredmedia":[{"embeddable":true,"href":"https:\/\/proyectocitrino.com\/index.php\/wp-json\/wp\/v2\/media\/5311"}],"wp:attachment":[{"href":"https:\/\/proyectocitrino.com\/index.php\/wp-json\/wp\/v2\/media?parent=7109"}],"wp:term":[{"taxonomy":"product_brand","embeddable":true,"href":"https:\/\/proyectocitrino.com\/index.php\/wp-json\/wp\/v2\/product_brand?post=7109"},{"taxonomy":"product_cat","embeddable":true,"href":"https:\/\/proyectocitrino.com\/index.php\/wp-json\/wp\/v2\/product_cat?post=7109"},{"taxonomy":"product_tag","embeddable":true,"href":"https:\/\/proyectocitrino.com\/index.php\/wp-json\/wp\/v2\/product_tag?post=7109"}],"curies":[{"name":"wp","href":"https:\/\/api.w.org\/{rel}","templated":true}]}}