{"id":7110,"date":"2020-09-23T20:14:58","date_gmt":"2020-09-24T02:14:58","guid":{"rendered":"https:\/\/proyectocitrino.com\/?post_type=product&#038;p=7110"},"modified":"2023-08-12T18:37:29","modified_gmt":"2023-08-13T00:37:29","slug":"the-order-that-came-from-the-sky-cuentos-en-ingles","status":"publish","type":"product","link":"https:\/\/proyectocitrino.com\/index.php\/producto\/the-order-that-came-from-the-sky-cuentos-en-ingles\/","title":{"rendered":"The Order that Came from the Sky (cuentos en ingl\u00e9s)"},"content":{"rendered":"<p><em>The Order that Came from the Sky<\/em>, de N.P. Sommer, es la edici\u00f3n en ingl\u00e9s de la colecci\u00f3n de relatos c\u00f3smicos <em>La orden que vino del cielo<\/em>. Melancol\u00eda, rebeli\u00f3n y destrucci\u00f3n se unen a la redenci\u00f3n, creaci\u00f3n, entendimiento y un nuevo nacimiento. 143 p\u00e1ginas.<\/p>\n","protected":false},"excerpt":{"rendered":"<p>La edici\u00f3n en ingl\u00e9s de la colecci\u00f3n de relatos c\u00f3smicos<em> La orden que vino del cielo<\/em>. Melancol\u00eda, rebeli\u00f3n y destrucci\u00f3n se unen a la redenci\u00f3n, creaci\u00f3n, entendimiento y un nuevo nacimiento. 143 p\u00e1ginas.<\/p>\n","protected":false},"featured_media":5309,"comment_status":"open","ping_status":"closed","template":"","meta":{"om_disable_all_campaigns":false,"_monsterinsights_skip_tracking":false,"_monsterinsights_sitenote_active":false,"_monsterinsights_sitenote_note":"","_monsterinsights_sitenote_category":0},"product_brand":[],"product_cat":[63,72],"product_tag":[],"class_list":{"0":"post-7110","1":"product","2":"type-product","3":"status-publish","4":"has-post-thumbnail","6":"product_cat-temporada","7":"product_cat-temp-cuento","9":"first","10":"instock","11":"shipping-taxable","12":"purchasable","13":"product-type-simple"},"jetpack_sharing_enabled":true,"_links":{"self":[{"href":"https:\/\/proyectocitrino.com\/index.php\/wp-json\/wp\/v2\/product\/7110","targetHints":{"allow":["GET"]}}],"collection":[{"href":"https:\/\/proyectocitrino.com\/index.php\/wp-json\/wp\/v2\/product"}],"about":[{"href":"https:\/\/proyectocitrino.com\/index.php\/wp-json\/wp\/v2\/types\/product"}],"replies":[{"embeddable":true,"href":"https:\/\/proyectocitrino.com\/index.php\/wp-json\/wp\/v2\/comments?post=7110"}],"wp:featuredmedia":[{"embeddable":true,"href":"https:\/\/proyectocitrino.com\/index.php\/wp-json\/wp\/v2\/media\/5309"}],"wp:attachment":[{"href":"https:\/\/proyectocitrino.com\/index.php\/wp-json\/wp\/v2\/media?parent=7110"}],"wp:term":[{"taxonomy":"product_brand","embeddable":true,"href":"https:\/\/proyectocitrino.com\/index.php\/wp-json\/wp\/v2\/product_brand?post=7110"},{"taxonomy":"product_cat","embeddable":true,"href":"https:\/\/proyectocitrino.com\/index.php\/wp-json\/wp\/v2\/product_cat?post=7110"},{"taxonomy":"product_tag","embeddable":true,"href":"https:\/\/proyectocitrino.com\/index.php\/wp-json\/wp\/v2\/product_tag?post=7110"}],"curies":[{"name":"wp","href":"https:\/\/api.w.org\/{rel}","templated":true}]}}