{"id":7232,"date":"2020-11-22T18:34:24","date_gmt":"2020-11-23T00:34:24","guid":{"rendered":"https:\/\/proyectocitrino.com\/?post_type=product&#038;p=7232"},"modified":"2020-11-26T09:09:05","modified_gmt":"2020-11-26T15:09:05","slug":"cuentos-de-alguna-guardia","status":"publish","type":"product","link":"https:\/\/proyectocitrino.com\/index.php\/producto\/cuentos-de-alguna-guardia\/","title":{"rendered":"Cuentos de alguna guardia"},"content":{"rendered":"<p>Un libro de cuentos de una oficial de la Fuerza P\u00fablica costarricense.\u00a0 Su misi\u00f3n es dignificar la figura de la autoridad en una sociedad que le ha perdido el respeto, enfocando el hero\u00edsmo desde un \u00e1ngulo nunca antes visto. 117 p\u00e1ginas.<\/p>\n","protected":false},"excerpt":{"rendered":"<p>Un libro de cuentos que muestran el esfuerzo diario de los cuerpos policiales.<\/p>\n","protected":false},"featured_media":7233,"comment_status":"open","ping_status":"closed","template":"","meta":{"om_disable_all_campaigns":false,"_monsterinsights_skip_tracking":false,"_monsterinsights_sitenote_active":false,"_monsterinsights_sitenote_note":"","_monsterinsights_sitenote_category":0},"product_brand":[],"product_cat":[63,72],"product_tag":[],"class_list":{"0":"post-7232","1":"product","2":"type-product","3":"status-publish","4":"has-post-thumbnail","6":"product_cat-temporada","7":"product_cat-temp-cuento","9":"first","10":"instock","11":"shipping-taxable","12":"purchasable","13":"product-type-simple"},"jetpack_sharing_enabled":true,"_links":{"self":[{"href":"https:\/\/proyectocitrino.com\/index.php\/wp-json\/wp\/v2\/product\/7232","targetHints":{"allow":["GET"]}}],"collection":[{"href":"https:\/\/proyectocitrino.com\/index.php\/wp-json\/wp\/v2\/product"}],"about":[{"href":"https:\/\/proyectocitrino.com\/index.php\/wp-json\/wp\/v2\/types\/product"}],"replies":[{"embeddable":true,"href":"https:\/\/proyectocitrino.com\/index.php\/wp-json\/wp\/v2\/comments?post=7232"}],"wp:featuredmedia":[{"embeddable":true,"href":"https:\/\/proyectocitrino.com\/index.php\/wp-json\/wp\/v2\/media\/7233"}],"wp:attachment":[{"href":"https:\/\/proyectocitrino.com\/index.php\/wp-json\/wp\/v2\/media?parent=7232"}],"wp:term":[{"taxonomy":"product_brand","embeddable":true,"href":"https:\/\/proyectocitrino.com\/index.php\/wp-json\/wp\/v2\/product_brand?post=7232"},{"taxonomy":"product_cat","embeddable":true,"href":"https:\/\/proyectocitrino.com\/index.php\/wp-json\/wp\/v2\/product_cat?post=7232"},{"taxonomy":"product_tag","embeddable":true,"href":"https:\/\/proyectocitrino.com\/index.php\/wp-json\/wp\/v2\/product_tag?post=7232"}],"curies":[{"name":"wp","href":"https:\/\/api.w.org\/{rel}","templated":true}]}}