{"id":7243,"date":"2020-11-30T11:51:08","date_gmt":"2020-11-30T17:51:08","guid":{"rendered":"https:\/\/proyectocitrino.com\/?post_type=product&#038;p=7243"},"modified":"2020-12-02T18:31:37","modified_gmt":"2020-12-03T00:31:37","slug":"el-heroe-de-kamyria","status":"publish","type":"product","link":"https:\/\/proyectocitrino.com\/index.php\/producto\/el-heroe-de-kamyria\/","title":{"rendered":"El h\u00e9roe de Kamyria (paquete infantil)"},"content":{"rendered":"<p>De Karla V\u00e1squez.\u00a0 Paquete infantil. Incluye el libro, un separador y l\u00e1pices de color.<\/p>\n<p>Anselmo es un ni\u00f1o alegre y divertido que se enfrentar\u00e1 a la aventura m\u00e1s fascinante de su vida. En su historia encontraremos el valor de la verdadera amistad, y al h\u00e9roe que hay en cada uno de nosotros.<\/p>\n<p>74 p\u00e1ginas con ilustraciones para colorear.<\/p>\n","protected":false},"excerpt":{"rendered":"<p>De Karla V\u00e1squez. Paquete infantil. Incluye el libro, un separador y l\u00e1pices de color.<\/p>\n<p>Anselmo es un ni\u00f1o alegre y divertido que se enfrentar\u00e1 a la aventura m\u00e1s fascinante de su vida. En su historia encontraremos el valor de la verdadera amistad, y al h\u00e9roe que hay en cada uno de nosotros. 74 p\u00e1ginas con ilustraciones para colorear.<\/p>\n","protected":false},"featured_media":7244,"comment_status":"open","ping_status":"closed","template":"","meta":{"om_disable_all_campaigns":false,"_monsterinsights_skip_tracking":false,"_monsterinsights_sitenote_active":false,"_monsterinsights_sitenote_note":"","_monsterinsights_sitenote_category":0},"product_brand":[],"product_cat":[63,73],"product_tag":[],"class_list":{"0":"post-7243","1":"product","2":"type-product","3":"status-publish","4":"has-post-thumbnail","6":"product_cat-temporada","7":"product_cat-temp-infantil","9":"first","10":"instock","11":"shipping-taxable","12":"purchasable","13":"product-type-simple"},"jetpack_sharing_enabled":true,"_links":{"self":[{"href":"https:\/\/proyectocitrino.com\/index.php\/wp-json\/wp\/v2\/product\/7243","targetHints":{"allow":["GET"]}}],"collection":[{"href":"https:\/\/proyectocitrino.com\/index.php\/wp-json\/wp\/v2\/product"}],"about":[{"href":"https:\/\/proyectocitrino.com\/index.php\/wp-json\/wp\/v2\/types\/product"}],"replies":[{"embeddable":true,"href":"https:\/\/proyectocitrino.com\/index.php\/wp-json\/wp\/v2\/comments?post=7243"}],"wp:featuredmedia":[{"embeddable":true,"href":"https:\/\/proyectocitrino.com\/index.php\/wp-json\/wp\/v2\/media\/7244"}],"wp:attachment":[{"href":"https:\/\/proyectocitrino.com\/index.php\/wp-json\/wp\/v2\/media?parent=7243"}],"wp:term":[{"taxonomy":"product_brand","embeddable":true,"href":"https:\/\/proyectocitrino.com\/index.php\/wp-json\/wp\/v2\/product_brand?post=7243"},{"taxonomy":"product_cat","embeddable":true,"href":"https:\/\/proyectocitrino.com\/index.php\/wp-json\/wp\/v2\/product_cat?post=7243"},{"taxonomy":"product_tag","embeddable":true,"href":"https:\/\/proyectocitrino.com\/index.php\/wp-json\/wp\/v2\/product_tag?post=7243"}],"curies":[{"name":"wp","href":"https:\/\/api.w.org\/{rel}","templated":true}]}}