{"id":741,"date":"2019-08-30T11:40:40","date_gmt":"2019-08-30T17:40:40","guid":{"rendered":"https:\/\/proyectocitrino.com\/?post_type=product&#038;p=741"},"modified":"2019-09-03T09:48:16","modified_gmt":"2019-09-03T15:48:16","slug":"juego-para-pc-de-las-cuatro-estaciones","status":"publish","type":"product","link":"https:\/\/proyectocitrino.com\/index.php\/producto\/juego-para-pc-de-las-cuatro-estaciones\/","title":{"rendered":"Juego para PC de Las Cuatro Estaciones (GRATIS)"},"content":{"rendered":"<p>Las Cuatro Estaciones deben resolver un gran problema en este intrigante juego de rol (RPG) para PC.\u00a0 Acompa\u00f1a a Invierno, Primavera, Oto\u00f1o y Verano por diferentes lugares, habla con las personas, lucha con los enemigos y descubre qu\u00e9 es lo que est\u00e1 pasando.<\/p>\n<p>Se puede descargar <span style=\"color: #ff0000;\"><strong>TOTALMENTE GRATIS<\/strong><\/span> en este v\u00ednculo:<\/p>\n<p><a href=\"https:\/\/proyectocitrino.com\/index.php\/149-2\/\">DESCARGAR JUEGO DE LAS CUATRO ESTACIONES<\/a><\/p>\n","protected":false},"excerpt":{"rendered":"<p>Un juego para PC muy divertido con las cuatro estaciones como sus personajes principales<\/p>\n","protected":false},"featured_media":159,"comment_status":"open","ping_status":"closed","template":"","meta":{"om_disable_all_campaigns":false,"_monsterinsights_skip_tracking":false,"_monsterinsights_sitenote_active":false,"_monsterinsights_sitenote_note":"","_monsterinsights_sitenote_category":0},"product_brand":[],"product_cat":[76],"product_tag":[28,79,82,29,25,80,83,81],"class_list":{"0":"post-741","1":"product","2":"type-product","3":"status-publish","4":"has-post-thumbnail","6":"product_cat-otros-productos","7":"product_tag-cuento","8":"product_tag-estaciones","9":"product_tag-gratis","10":"product_tag-ilustrado","11":"product_tag-infantil","12":"product_tag-juego","13":"product_tag-pc","14":"product_tag-rpg","16":"first","17":"instock","18":"shipping-taxable","19":"product-type-simple"},"jetpack_sharing_enabled":true,"_links":{"self":[{"href":"https:\/\/proyectocitrino.com\/index.php\/wp-json\/wp\/v2\/product\/741","targetHints":{"allow":["GET"]}}],"collection":[{"href":"https:\/\/proyectocitrino.com\/index.php\/wp-json\/wp\/v2\/product"}],"about":[{"href":"https:\/\/proyectocitrino.com\/index.php\/wp-json\/wp\/v2\/types\/product"}],"replies":[{"embeddable":true,"href":"https:\/\/proyectocitrino.com\/index.php\/wp-json\/wp\/v2\/comments?post=741"}],"wp:featuredmedia":[{"embeddable":true,"href":"https:\/\/proyectocitrino.com\/index.php\/wp-json\/wp\/v2\/media\/159"}],"wp:attachment":[{"href":"https:\/\/proyectocitrino.com\/index.php\/wp-json\/wp\/v2\/media?parent=741"}],"wp:term":[{"taxonomy":"product_brand","embeddable":true,"href":"https:\/\/proyectocitrino.com\/index.php\/wp-json\/wp\/v2\/product_brand?post=741"},{"taxonomy":"product_cat","embeddable":true,"href":"https:\/\/proyectocitrino.com\/index.php\/wp-json\/wp\/v2\/product_cat?post=741"},{"taxonomy":"product_tag","embeddable":true,"href":"https:\/\/proyectocitrino.com\/index.php\/wp-json\/wp\/v2\/product_tag?post=741"}],"curies":[{"name":"wp","href":"https:\/\/api.w.org\/{rel}","templated":true}]}}