{"id":7492,"date":"2021-10-03T22:05:48","date_gmt":"2021-10-04T04:05:48","guid":{"rendered":"https:\/\/proyectocitrino.com\/?post_type=product&#038;p=7492"},"modified":"2022-04-30T19:14:50","modified_gmt":"2022-05-01T01:14:50","slug":"historias-jamas-contadas","status":"publish","type":"product","link":"https:\/\/proyectocitrino.com\/index.php\/producto\/historias-jamas-contadas\/","title":{"rendered":"Historias Jam\u00e1s Contadas"},"content":{"rendered":"<p><span style=\"font-family: Arial, serif;\"><span style=\"font-size: medium;\"><span lang=\"es-MX\">Esta novela se centra en el Sanatorio Dur\u00e1n, sitio emblem\u00e1tico por su historia y su valor patrimonial, pero tambi\u00e9n lleno de mitos sobre fantasmas y aparecidos. Esta narraci\u00f3n rechaza esas creencias metaf\u00edsicas y humaniza el espacio que fue este centro m\u00e9dico de avanzada en la historia de Costa Rica. Es el relato de las historias jam\u00e1s contadas, historias de seres humanos reales, plenos de amor como las monjas que all\u00ed sirvieron al pr\u00f3jimo, pero tambi\u00e9n conscientes del peligro de un \u00faltimo adi\u00f3s. Es la historia de un amor tierno, uno de ni\u00f1os que pudieron ser felices a pesar de su entorno.<\/span><\/span><\/span><\/p>\n<p><span style=\"font-family: Arial, serif;\"><span style=\"font-size: medium;\"><span lang=\"es-MX\">Publicado 2017<\/span><\/span><\/span><\/p>\n<p><span style=\"font-family: Arial, serif;\"><span style=\"font-size: medium;\"><span lang=\"es-MX\">Editorial Grafika <\/span><\/span><\/span><\/p>\n<p><span style=\"font-family: Arial, serif;\"><span style=\"font-size: medium;\"><span lang=\"es-MX\">Cantidad de p\u00e1ginas: 70<\/span><\/span><\/span><\/p>\n","protected":false},"excerpt":{"rendered":"<p>Esta novela se enmarca en el pasado hist\u00f3rico del Sanatorio Dur\u00e1n. A diferencia de la mayor\u00eda de las narraciones sobre este hospital abandonado, esta no es una historia de fantasmas, sino de personas reales que enfrentaron una de las enfermedades m\u00e1s terribles de sus tiempos.<\/p>\n","protected":false},"featured_media":7493,"comment_status":"open","ping_status":"closed","template":"","meta":{"om_disable_all_campaigns":false,"_monsterinsights_skip_tracking":false,"_monsterinsights_sitenote_active":false,"_monsterinsights_sitenote_note":"","_monsterinsights_sitenote_category":0},"product_brand":[],"product_cat":[63,71],"product_tag":[],"class_list":{"0":"post-7492","1":"product","2":"type-product","3":"status-publish","4":"has-post-thumbnail","6":"product_cat-temporada","7":"product_cat-temp-novela","9":"first","10":"instock","11":"shipping-taxable","12":"purchasable","13":"product-type-simple"},"jetpack_sharing_enabled":true,"_links":{"self":[{"href":"https:\/\/proyectocitrino.com\/index.php\/wp-json\/wp\/v2\/product\/7492","targetHints":{"allow":["GET"]}}],"collection":[{"href":"https:\/\/proyectocitrino.com\/index.php\/wp-json\/wp\/v2\/product"}],"about":[{"href":"https:\/\/proyectocitrino.com\/index.php\/wp-json\/wp\/v2\/types\/product"}],"replies":[{"embeddable":true,"href":"https:\/\/proyectocitrino.com\/index.php\/wp-json\/wp\/v2\/comments?post=7492"}],"wp:featuredmedia":[{"embeddable":true,"href":"https:\/\/proyectocitrino.com\/index.php\/wp-json\/wp\/v2\/media\/7493"}],"wp:attachment":[{"href":"https:\/\/proyectocitrino.com\/index.php\/wp-json\/wp\/v2\/media?parent=7492"}],"wp:term":[{"taxonomy":"product_brand","embeddable":true,"href":"https:\/\/proyectocitrino.com\/index.php\/wp-json\/wp\/v2\/product_brand?post=7492"},{"taxonomy":"product_cat","embeddable":true,"href":"https:\/\/proyectocitrino.com\/index.php\/wp-json\/wp\/v2\/product_cat?post=7492"},{"taxonomy":"product_tag","embeddable":true,"href":"https:\/\/proyectocitrino.com\/index.php\/wp-json\/wp\/v2\/product_tag?post=7492"}],"curies":[{"name":"wp","href":"https:\/\/api.w.org\/{rel}","templated":true}]}}