{"id":7778,"date":"2023-08-01T14:51:35","date_gmt":"2023-08-01T20:51:35","guid":{"rendered":"https:\/\/proyectocitrino.com\/?post_type=product&#038;p=7778"},"modified":"2023-08-01T14:54:26","modified_gmt":"2023-08-01T20:54:26","slug":"terrores-de-campamento-novela-corta","status":"publish","type":"product","link":"https:\/\/proyectocitrino.com\/index.php\/producto\/terrores-de-campamento-novela-corta\/","title":{"rendered":"Terrores de campamento (novela corta)"},"content":{"rendered":"<p>En los campamentos, los participantes pueden disfrutar y, por las noches, se puede dejar volar la imaginaci\u00f3n narrando leyendas de anta\u00f1o o historias casi olvidadas. <span class=\"m_-281831641654451409gmail-jele-read-only-value\"> \u00bfQu\u00e9 tal si dichas narraciones estuvieran m\u00e1s cerca de lo que creemos?<\/span><\/p>\n<p><span class=\"m_-281831641654451409gmail-jele-read-only-value\">Esta novela corta de terror folcl\u00f3rico, para el p\u00fablico en general, nos har\u00e1 recordar las leyendas de nuestros abuelos, pero de una manera diferente. 74 p\u00e1ginas. Ilustraciones B\/N.<\/span><\/p>\n","protected":false},"excerpt":{"rendered":"<p><span class=\"m_-281831641654451409gmail-jele-read-only-value\">Esta novela corta de terror folcl\u00f3rico nos har\u00e1 recordar las leyendas de nuestros abuelos, pero de una manera diferente. \u00bfQu\u00e9 tal si dichas narraciones estuvieran m\u00e1s cerca de lo que creemos? 74 p\u00e1ginas. Ilustraciones B\/N.<\/span><\/p>\n","protected":false},"featured_media":7764,"comment_status":"open","ping_status":"closed","template":"","meta":{"om_disable_all_campaigns":false,"_monsterinsights_skip_tracking":false,"_monsterinsights_sitenote_active":false,"_monsterinsights_sitenote_note":"","_monsterinsights_sitenote_category":0},"product_brand":[],"product_cat":[37,64,38],"product_tag":[],"class_list":{"0":"post-7778","1":"product","2":"type-product","3":"status-publish","4":"has-post-thumbnail","6":"product_cat-cuentos","7":"product_cat-citrino","8":"product_cat-novela","10":"first","11":"instock","12":"shipping-taxable","13":"purchasable","14":"product-type-simple"},"jetpack_sharing_enabled":true,"_links":{"self":[{"href":"https:\/\/proyectocitrino.com\/index.php\/wp-json\/wp\/v2\/product\/7778","targetHints":{"allow":["GET"]}}],"collection":[{"href":"https:\/\/proyectocitrino.com\/index.php\/wp-json\/wp\/v2\/product"}],"about":[{"href":"https:\/\/proyectocitrino.com\/index.php\/wp-json\/wp\/v2\/types\/product"}],"replies":[{"embeddable":true,"href":"https:\/\/proyectocitrino.com\/index.php\/wp-json\/wp\/v2\/comments?post=7778"}],"wp:featuredmedia":[{"embeddable":true,"href":"https:\/\/proyectocitrino.com\/index.php\/wp-json\/wp\/v2\/media\/7764"}],"wp:attachment":[{"href":"https:\/\/proyectocitrino.com\/index.php\/wp-json\/wp\/v2\/media?parent=7778"}],"wp:term":[{"taxonomy":"product_brand","embeddable":true,"href":"https:\/\/proyectocitrino.com\/index.php\/wp-json\/wp\/v2\/product_brand?post=7778"},{"taxonomy":"product_cat","embeddable":true,"href":"https:\/\/proyectocitrino.com\/index.php\/wp-json\/wp\/v2\/product_cat?post=7778"},{"taxonomy":"product_tag","embeddable":true,"href":"https:\/\/proyectocitrino.com\/index.php\/wp-json\/wp\/v2\/product_tag?post=7778"}],"curies":[{"name":"wp","href":"https:\/\/api.w.org\/{rel}","templated":true}]}}