{"id":8061,"date":"2025-07-15T20:30:02","date_gmt":"2025-07-16T02:30:02","guid":{"rendered":"https:\/\/proyectocitrino.com\/?post_type=product&#038;p=8061"},"modified":"2025-07-15T20:30:02","modified_gmt":"2025-07-16T02:30:02","slug":"el-conjuro-ancestral-2da-parte-de-la-trilogia-cronicas-de-abraxas","status":"publish","type":"product","link":"https:\/\/proyectocitrino.com\/index.php\/producto\/el-conjuro-ancestral-2da-parte-de-la-trilogia-cronicas-de-abraxas\/","title":{"rendered":"El conjuro Ancestral (2da. parte de la trilog\u00eda CR\u00d3NICAS DE ABRAXAS)"},"content":{"rendered":"<div dir=\"auto\">De Daniel Baltodano<\/div>\n<div dir=\"auto\"><\/div>\n<div dir=\"auto\">La segunda parte de la aventura en Abraxas. El mal ha tomado la delantera: el Demonio Blanco ha revelado su forma f\u00edsica y ha extendido sus ej\u00e9rcitos de bestias para debilitar todos los reinos posibles. Elfos, humanos y enanos est\u00e1n divididos y los cuatro aventureros ven esfumarse la posibilidad de derrotar a su n\u00e9mesis.<\/div>\n","protected":false},"excerpt":{"rendered":"<p>La segunda parte de la trilog\u00eda CR\u00d3NICAS DE ABRAXAS.\u00a0 En esta entrega, los aventureros que se opusieron al terrible Demonio Blanco descubren que su enemigo posee un poder muy superior al que imaginaban. \u00bfPodr\u00e1n derrotarlo?<\/p>\n","protected":false},"featured_media":8054,"comment_status":"open","ping_status":"closed","template":"","meta":{"om_disable_all_campaigns":false,"_monsterinsights_skip_tracking":false,"_monsterinsights_sitenote_active":false,"_monsterinsights_sitenote_note":"","_monsterinsights_sitenote_category":0},"product_brand":[],"product_cat":[63,71],"product_tag":[],"class_list":{"0":"post-8061","1":"product","2":"type-product","3":"status-publish","4":"has-post-thumbnail","6":"product_cat-temporada","7":"product_cat-temp-novela","9":"first","10":"instock","11":"shipping-taxable","12":"purchasable","13":"product-type-simple"},"jetpack_sharing_enabled":true,"_links":{"self":[{"href":"https:\/\/proyectocitrino.com\/index.php\/wp-json\/wp\/v2\/product\/8061","targetHints":{"allow":["GET"]}}],"collection":[{"href":"https:\/\/proyectocitrino.com\/index.php\/wp-json\/wp\/v2\/product"}],"about":[{"href":"https:\/\/proyectocitrino.com\/index.php\/wp-json\/wp\/v2\/types\/product"}],"replies":[{"embeddable":true,"href":"https:\/\/proyectocitrino.com\/index.php\/wp-json\/wp\/v2\/comments?post=8061"}],"wp:featuredmedia":[{"embeddable":true,"href":"https:\/\/proyectocitrino.com\/index.php\/wp-json\/wp\/v2\/media\/8054"}],"wp:attachment":[{"href":"https:\/\/proyectocitrino.com\/index.php\/wp-json\/wp\/v2\/media?parent=8061"}],"wp:term":[{"taxonomy":"product_brand","embeddable":true,"href":"https:\/\/proyectocitrino.com\/index.php\/wp-json\/wp\/v2\/product_brand?post=8061"},{"taxonomy":"product_cat","embeddable":true,"href":"https:\/\/proyectocitrino.com\/index.php\/wp-json\/wp\/v2\/product_cat?post=8061"},{"taxonomy":"product_tag","embeddable":true,"href":"https:\/\/proyectocitrino.com\/index.php\/wp-json\/wp\/v2\/product_tag?post=8061"}],"curies":[{"name":"wp","href":"https:\/\/api.w.org\/{rel}","templated":true}]}}