{"id":8062,"date":"2025-07-15T20:34:39","date_gmt":"2025-07-16T02:34:39","guid":{"rendered":"https:\/\/proyectocitrino.com\/?post_type=product&#038;p=8062"},"modified":"2025-07-15T20:34:39","modified_gmt":"2025-07-16T02:34:39","slug":"la-esmeralda-del-dragon-de-fuego-ultima-parte-de-la-trilogia-cronicas-de-abraxas","status":"publish","type":"product","link":"https:\/\/proyectocitrino.com\/index.php\/producto\/la-esmeralda-del-dragon-de-fuego-ultima-parte-de-la-trilogia-cronicas-de-abraxas\/","title":{"rendered":"La esmeralda del drag\u00f3n de fuego (\u00faltima parte de la trilog\u00eda CR\u00d3NICAS DE ABRAXAS)"},"content":{"rendered":"<div dir=\"auto\">De Daniel Baltodano.<\/div>\n<div dir=\"auto\"><\/div>\n<div dir=\"auto\">La \u00faltima parte de la trilog\u00eda de Abraxas. Ac\u00e1 los h\u00e9roes deben intentar unir a los pueblos libres bajo una misma bandera y hacerles entender que, a pesar de sus diferencias, el Demonio Blanco ser\u00e1 un mal superior si obtiene la sagrada esmeralda de Migmas. Es el momento de probar el valor, no con palabras, sino con acciones.<\/div>\n","protected":false},"excerpt":{"rendered":"<p>La \u00faltima parte de la trilog\u00eda de Abraxas. Los aventureros que tuvieron el valor de enfrentarse al poderoso mal que domina el mundo luchar\u00e1n por unir a los pueblos libres para luchar en la batalla final.<\/p>\n","protected":false},"featured_media":8053,"comment_status":"open","ping_status":"closed","template":"","meta":{"om_disable_all_campaigns":false,"_monsterinsights_skip_tracking":false,"_monsterinsights_sitenote_active":false,"_monsterinsights_sitenote_note":"","_monsterinsights_sitenote_category":0},"product_brand":[],"product_cat":[63,71],"product_tag":[],"class_list":{"0":"post-8062","1":"product","2":"type-product","3":"status-publish","4":"has-post-thumbnail","6":"product_cat-temporada","7":"product_cat-temp-novela","9":"first","10":"instock","11":"shipping-taxable","12":"purchasable","13":"product-type-simple"},"jetpack_sharing_enabled":true,"_links":{"self":[{"href":"https:\/\/proyectocitrino.com\/index.php\/wp-json\/wp\/v2\/product\/8062","targetHints":{"allow":["GET"]}}],"collection":[{"href":"https:\/\/proyectocitrino.com\/index.php\/wp-json\/wp\/v2\/product"}],"about":[{"href":"https:\/\/proyectocitrino.com\/index.php\/wp-json\/wp\/v2\/types\/product"}],"replies":[{"embeddable":true,"href":"https:\/\/proyectocitrino.com\/index.php\/wp-json\/wp\/v2\/comments?post=8062"}],"wp:featuredmedia":[{"embeddable":true,"href":"https:\/\/proyectocitrino.com\/index.php\/wp-json\/wp\/v2\/media\/8053"}],"wp:attachment":[{"href":"https:\/\/proyectocitrino.com\/index.php\/wp-json\/wp\/v2\/media?parent=8062"}],"wp:term":[{"taxonomy":"product_brand","embeddable":true,"href":"https:\/\/proyectocitrino.com\/index.php\/wp-json\/wp\/v2\/product_brand?post=8062"},{"taxonomy":"product_cat","embeddable":true,"href":"https:\/\/proyectocitrino.com\/index.php\/wp-json\/wp\/v2\/product_cat?post=8062"},{"taxonomy":"product_tag","embeddable":true,"href":"https:\/\/proyectocitrino.com\/index.php\/wp-json\/wp\/v2\/product_tag?post=8062"}],"curies":[{"name":"wp","href":"https:\/\/api.w.org\/{rel}","templated":true}]}}