{"id":8069,"date":"2025-07-28T09:12:21","date_gmt":"2025-07-28T15:12:21","guid":{"rendered":"https:\/\/proyectocitrino.com\/?post_type=product&#038;p=8069"},"modified":"2026-03-14T12:39:36","modified_gmt":"2026-03-14T18:39:36","slug":"el-portal-de-ukklar-el-guerrero-luxen","status":"publish","type":"product","link":"https:\/\/proyectocitrino.com\/index.php\/producto\/el-portal-de-ukklar-el-guerrero-luxen\/","title":{"rendered":"El Portal de Ukklar: El Guerrero Luxen"},"content":{"rendered":"<div dir=\"auto\">Autor: Jos\u00e9 David Naranjo S\u00e1nchez<\/div>\n<div dir=\"auto\">G\u00e9nero: Fantas\u00eda \u00e9pica<\/div>\n<div dir=\"auto\"><\/div>\n<div dir=\"auto\">Sifner de L\u00f6thmar, soldado del reino de Norgiam, busca formar un hogar en su pueblo natal y tener una vida de paz lejos de los horrores de la guerra. Sin embargo, para lograrlo en alguna medida, antes debe escuchar el llamado de la voz interior que susurra en su coraz\u00f3n, y que lo invita a tomar su espada y emprender una aventura lejos de su pa\u00eds. Su objetivo es matar a Oby, el rey de los trols, quien cada siete a\u00f1os cobra un tributo de sangre robando a un ni\u00f1o de su pueblo, por causa del nefasto pacto entre un antiguo rey y los trols.<\/div>\n<div dir=\"auto\"><\/div>\n<div dir=\"auto\">El joven entiende que si quiere conquistar la paz que tanto anhela, debe emprender el viaje para acabar con la maldici\u00f3n del tributo que aflige su pueblo. Lo que ignora es que, en el camino a realizar esta peligrosa misi\u00f3n, suceder\u00e1n eventos que cambiar\u00e1n su vida para siempre. Conocer\u00e1 al maestro quien lo discipular\u00e1 en los misterios sagrados de una antigua orden de caballer\u00eda herm\u00e9tica, destinada a servir y proteger a los cuatro reinos bajo juramento.<\/div>\n<div dir=\"auto\"><\/div>\n<div dir=\"auto\">Para el protagonista, es necesario ser parte de dicha orden pues justamente en los tiempos oscuros que acaecen, un poderoso nigromante y dos temibles guerreros sombra usar\u00e1n la nigromancia m\u00e1s aberrante para abrir un portal que los libere de su prisi\u00f3n dimensional e invadir Heimra y sembrar el caos y la destrucci\u00f3n a su paso.<\/div>\n<div dir=\"auto\"><\/div>\n<div dir=\"auto\">Sifner deber\u00e1 lograr pasar las pruebas discipulares m\u00e1s exigentes para convertirse finalmente en un caballero Luxen y de este modo, defender su mundo de las huestes demon\u00edacas que lo amenazan.<\/div>\n","protected":false},"excerpt":{"rendered":"<p>Fantas\u00eda \u00e9pica, magia y aventuras.<\/p>\n","protected":false},"featured_media":8066,"comment_status":"open","ping_status":"closed","template":"","meta":{"om_disable_all_campaigns":false,"_monsterinsights_skip_tracking":false,"_monsterinsights_sitenote_active":false,"_monsterinsights_sitenote_note":"","_monsterinsights_sitenote_category":0},"product_brand":[],"product_cat":[63,71],"product_tag":[],"class_list":{"0":"post-8069","1":"product","2":"type-product","3":"status-publish","4":"has-post-thumbnail","6":"product_cat-temporada","7":"product_cat-temp-novela","9":"first","10":"instock","11":"shipping-taxable","12":"purchasable","13":"product-type-simple"},"jetpack_sharing_enabled":true,"_links":{"self":[{"href":"https:\/\/proyectocitrino.com\/index.php\/wp-json\/wp\/v2\/product\/8069","targetHints":{"allow":["GET"]}}],"collection":[{"href":"https:\/\/proyectocitrino.com\/index.php\/wp-json\/wp\/v2\/product"}],"about":[{"href":"https:\/\/proyectocitrino.com\/index.php\/wp-json\/wp\/v2\/types\/product"}],"replies":[{"embeddable":true,"href":"https:\/\/proyectocitrino.com\/index.php\/wp-json\/wp\/v2\/comments?post=8069"}],"wp:featuredmedia":[{"embeddable":true,"href":"https:\/\/proyectocitrino.com\/index.php\/wp-json\/wp\/v2\/media\/8066"}],"wp:attachment":[{"href":"https:\/\/proyectocitrino.com\/index.php\/wp-json\/wp\/v2\/media?parent=8069"}],"wp:term":[{"taxonomy":"product_brand","embeddable":true,"href":"https:\/\/proyectocitrino.com\/index.php\/wp-json\/wp\/v2\/product_brand?post=8069"},{"taxonomy":"product_cat","embeddable":true,"href":"https:\/\/proyectocitrino.com\/index.php\/wp-json\/wp\/v2\/product_cat?post=8069"},{"taxonomy":"product_tag","embeddable":true,"href":"https:\/\/proyectocitrino.com\/index.php\/wp-json\/wp\/v2\/product_tag?post=8069"}],"curies":[{"name":"wp","href":"https:\/\/api.w.org\/{rel}","templated":true}]}}