{"id":8070,"date":"2025-07-28T09:14:55","date_gmt":"2025-07-28T15:14:55","guid":{"rendered":"https:\/\/proyectocitrino.com\/?post_type=product&#038;p=8070"},"modified":"2026-03-14T12:39:01","modified_gmt":"2026-03-14T18:39:01","slug":"el-portal-de-ukklar-la-espada-de-balldor","status":"publish","type":"product","link":"https:\/\/proyectocitrino.com\/index.php\/producto\/el-portal-de-ukklar-la-espada-de-balldor\/","title":{"rendered":"El Portal de Ukklar: La Espada de B\u00e5lld\u00f8r"},"content":{"rendered":"<div dir=\"auto\">\n<div dir=\"auto\">Autor: Jos\u00e9 David Naranjo S\u00e1nchez<\/div>\n<div dir=\"auto\">G\u00e9nero: Fantas\u00eda \u00e9pica<\/div>\n<div dir=\"auto\"><\/div>\n<div dir=\"auto\">Resumen: Lord Sifner, el caballero Luxen iniciado por Garlat en H\u00e5nvall, lidera ahora los ej\u00e9rcitos de Kosmar para detener la invasi\u00f3n de los Caballeros Luxen Sombra a trav\u00e9s del Portal de Ukklar. Deber\u00e1 librar las batallas m\u00e1s cruentas y vencer a sus enemigos usando sus facultades desarrolladas para devolver la paz a los cuatro reinos de Heimra en medio de tr\u00e1gicos acontecimientos.<\/div>\n<\/div>\n","protected":false},"excerpt":{"rendered":"<p>Fantas\u00eda \u00e9pica, magia y aventuras.<\/p>\n","protected":false},"featured_media":8067,"comment_status":"open","ping_status":"closed","template":"","meta":{"om_disable_all_campaigns":false,"_monsterinsights_skip_tracking":false,"_monsterinsights_sitenote_active":false,"_monsterinsights_sitenote_note":"","_monsterinsights_sitenote_category":0},"product_brand":[],"product_cat":[63,71],"product_tag":[],"class_list":{"0":"post-8070","1":"product","2":"type-product","3":"status-publish","4":"has-post-thumbnail","6":"product_cat-temporada","7":"product_cat-temp-novela","9":"first","10":"instock","11":"shipping-taxable","12":"purchasable","13":"product-type-simple"},"jetpack_sharing_enabled":true,"_links":{"self":[{"href":"https:\/\/proyectocitrino.com\/index.php\/wp-json\/wp\/v2\/product\/8070","targetHints":{"allow":["GET"]}}],"collection":[{"href":"https:\/\/proyectocitrino.com\/index.php\/wp-json\/wp\/v2\/product"}],"about":[{"href":"https:\/\/proyectocitrino.com\/index.php\/wp-json\/wp\/v2\/types\/product"}],"replies":[{"embeddable":true,"href":"https:\/\/proyectocitrino.com\/index.php\/wp-json\/wp\/v2\/comments?post=8070"}],"wp:featuredmedia":[{"embeddable":true,"href":"https:\/\/proyectocitrino.com\/index.php\/wp-json\/wp\/v2\/media\/8067"}],"wp:attachment":[{"href":"https:\/\/proyectocitrino.com\/index.php\/wp-json\/wp\/v2\/media?parent=8070"}],"wp:term":[{"taxonomy":"product_brand","embeddable":true,"href":"https:\/\/proyectocitrino.com\/index.php\/wp-json\/wp\/v2\/product_brand?post=8070"},{"taxonomy":"product_cat","embeddable":true,"href":"https:\/\/proyectocitrino.com\/index.php\/wp-json\/wp\/v2\/product_cat?post=8070"},{"taxonomy":"product_tag","embeddable":true,"href":"https:\/\/proyectocitrino.com\/index.php\/wp-json\/wp\/v2\/product_tag?post=8070"}],"curies":[{"name":"wp","href":"https:\/\/api.w.org\/{rel}","templated":true}]}}